{"id":6218,"date":"2022-04-24T14:56:06","date_gmt":"2022-04-24T11:56:06","guid":{"rendered":"https:\/\/pinakates.com\/activites\/walking\/"},"modified":"2022-07-10T17:09:38","modified_gmt":"2022-07-10T14:09:38","slug":"randonnees","status":"publish","type":"page","link":"https:\/\/pinakates.com\/fr\/activites\/randonnees\/","title":{"rendered":"Randonn\u00e9es"},"content":{"rendered":"<p>[vc_row css=&#8221;{&#8220;mobile_portrait&#8220;: {&#8220;padding-top&#8220;: &#8220;15&#8220;,&#8220;padding-bottom&#8220;: &#8220;15&#8220;}}&#8221; uniqid=&#8221;5efc62787e106&#8243;][vc_column]      <div class=\"heading-block heading-5efc62b0bc070 tal h-h1\">\n                  <h1 class=\"h\">Randonn\u00e9es<\/h1>\n              <\/div>\n    [\/vc_column][\/vc_row][vc_row css=&#8221;{&#8220;mobile_portrait&#8220;: {&#8220;padding-top&#8220;: &#8220;14&#8220;}}&#8221; uniqid=&#8221;5efc87428dd88&#8243;][vc_column]      <div class=\"heading-block heading-5ef07ddbb10d8 tal h-h4\">\n                  <h4 class=\"h\">Galerie<\/h4>\n              <\/div>\n    [vc_masonry_media_grid item=&#8221;mediaGrid_Default&#8221; grid_id=&#8221;vc_gid:1655916552118-33721a61-fc26-6&#8243; include=&#8221;6064,6065,6066&#8243;][\/vc_column][\/vc_row][vc_row css=&#8221;{&#8220;mobile_portrait&#8220;: {&#8220;padding-top&#8220;: &#8220;14&#8220;}}&#8221;][vc_column width=&#8221;1\/2&#8243;]      <div class=\"button-container button-626538b0d943c center\">\n        <a class=\"button-style1\" href=\"\/fr\/activites\/\" target=\"_self\">\n          <span>Retour aux activit\u00e9s et excursions<\/span>\n                  <\/a>\n      <\/div>\n    [\/vc_column][vc_column width=&#8221;1\/2&#8243;][\/vc_column][\/vc_row]<\/p>\n","protected":false},"excerpt":{"rendered":"<p>[vc_row css=&#8221;{&#8220;mobile_portrait&#8220;: {&#8220;padding-top&#8220;: &#8220;15&#8220;,&#8220;padding-bottom&#8220;: &#8220;15&#8220;}}&#8221; uniqid=&#8221;5efc62787e106&#8243;][vc_column][\/vc_column][\/vc_row][vc_row css=&#8221;{&#8220;mobile_portrait&#8220;: {&#8220;padding-top&#8220;: &#8220;14&#8220;}}&#8221; uniqid=&#8221;5efc87428dd88&#8243;][vc_column][vc_masonry_media_grid item=&#8221;mediaGrid_Default&#8221; grid_id=&#8221;vc_gid:1655916552118-33721a61-fc26-6&#8243; include=&#8221;6064,6065,6066&#8243;][\/vc_column][\/vc_row][vc_row css=&#8221;{&#8220;mobile_portrait&#8220;: {&#8220;padding-top&#8220;: &#8220;14&#8220;}}&#8221;][vc_column width=&#8221;1\/2&#8243;][\/vc_column][vc_column width=&#8221;1\/2&#8243;][\/vc_column][\/vc_row]<\/p>\n","protected":false},"author":1,"featured_media":0,"parent":6191,"menu_order":0,"comment_status":"closed","ping_status":"closed","template":"template-landing.php","meta":{"_acf_changed":false,"_monsterinsights_skip_tracking":false,"_monsterinsights_sitenote_active":false,"_monsterinsights_sitenote_note":"","_monsterinsights_sitenote_category":0,"footnotes":""},"class_list":["post-6218","page","type-page","status-publish","hentry"],"acf":[],"yoast_head":"<!-- This site is optimized with the Yoast SEO plugin v27.1.1 - https:\/\/yoast.com\/product\/yoast-seo-wordpress\/ -->\n<title>Randonn\u00e9es - B&amp;B Ta Xelidonakia<\/title>\n<meta name=\"description\" content=\"Dans la r\u00e9gion du B&amp;B Ta Xelinakia (Les Hirondelles) il y a des randonn\u00e9es pour tout le monde.\" \/>\n<meta name=\"robots\" content=\"index, follow, max-snippet:-1, max-image-preview:large, max-video-preview:-1\" \/>\n<link rel=\"canonical\" href=\"https:\/\/pinakates.com\/fr\/activites\/randonnees\/\" \/>\n<meta property=\"og:locale\" content=\"fr_FR\" \/>\n<meta property=\"og:type\" content=\"article\" \/>\n<meta property=\"og:title\" content=\"Randonn\u00e9es - B&amp;B Ta Xelidonakia\" \/>\n<meta property=\"og:description\" content=\"Dans la r\u00e9gion du B&amp;B Ta Xelinakia (Les Hirondelles) il y a des randonn\u00e9es pour tout le monde.\" \/>\n<meta property=\"og:url\" content=\"https:\/\/pinakates.com\/fr\/activites\/randonnees\/\" \/>\n<meta property=\"og:site_name\" content=\"B&amp;B Ta Xelidonakia\" \/>\n<meta property=\"article:publisher\" content=\"https:\/\/www.facebook.com\/Bed-breakfast-Ta-Xelidonakia-157438244331982\" \/>\n<meta property=\"article:modified_time\" content=\"2022-07-10T14:09:38+00:00\" \/>\n<meta name=\"twitter:card\" content=\"summary_large_image\" \/>\n<meta name=\"twitter:label1\" content=\"Dur\u00e9e de lecture estim\u00e9e\" \/>\n\t<meta name=\"twitter:data1\" content=\"1 minute\" \/>\n<script type=\"application\/ld+json\" class=\"yoast-schema-graph\">{\"@context\":\"https:\/\/schema.org\",\"@graph\":[{\"@type\":\"WebPage\",\"@id\":\"https:\/\/pinakates.com\/fr\/activites\/randonnees\/\",\"url\":\"https:\/\/pinakates.com\/fr\/activites\/randonnees\/\",\"name\":\"Randonn\u00e9es - B&amp;B Ta Xelidonakia\",\"isPartOf\":{\"@id\":\"https:\/\/pinakates.com\/#website\"},\"datePublished\":\"2022-04-24T11:56:06+00:00\",\"dateModified\":\"2022-07-10T14:09:38+00:00\",\"description\":\"Dans la r\u00e9gion du B&B Ta Xelinakia (Les Hirondelles) il y a des randonn\u00e9es pour tout le monde.\",\"breadcrumb\":{\"@id\":\"https:\/\/pinakates.com\/fr\/activites\/randonnees\/#breadcrumb\"},\"inLanguage\":\"fr-FR\",\"potentialAction\":[{\"@type\":\"ReadAction\",\"target\":[\"https:\/\/pinakates.com\/fr\/activites\/randonnees\/\"]}]},{\"@type\":\"BreadcrumbList\",\"@id\":\"https:\/\/pinakates.com\/fr\/activites\/randonnees\/#breadcrumb\",\"itemListElement\":[{\"@type\":\"ListItem\",\"position\":1,\"name\":\"Home\",\"item\":\"https:\/\/pinakates.com\/fr\/\"},{\"@type\":\"ListItem\",\"position\":2,\"name\":\"Activit\u00e9s &#038; Excursions\",\"item\":\"https:\/\/pinakates.com\/fr\/activites\/\"},{\"@type\":\"ListItem\",\"position\":3,\"name\":\"Randonn\u00e9es\"}]},{\"@type\":\"WebSite\",\"@id\":\"https:\/\/pinakates.com\/#website\",\"url\":\"https:\/\/pinakates.com\/\",\"name\":\"B&amp;B Ta Xelidonakia\",\"description\":\"Located in Pinakates (Central Greece)\",\"publisher\":{\"@id\":\"https:\/\/pinakates.com\/#organization\"},\"potentialAction\":[{\"@type\":\"SearchAction\",\"target\":{\"@type\":\"EntryPoint\",\"urlTemplate\":\"https:\/\/pinakates.com\/?s={search_term_string}\"},\"query-input\":{\"@type\":\"PropertyValueSpecification\",\"valueRequired\":true,\"valueName\":\"search_term_string\"}}],\"inLanguage\":\"fr-FR\"},{\"@type\":\"Organization\",\"@id\":\"https:\/\/pinakates.com\/#organization\",\"name\":\"B&B Ta Xelidonakia\",\"url\":\"https:\/\/pinakates.com\/\",\"logo\":{\"@type\":\"ImageObject\",\"inLanguage\":\"fr-FR\",\"@id\":\"https:\/\/pinakates.com\/#\/schema\/logo\/image\/\",\"url\":\"https:\/\/pinakates.com\/wp-content\/uploads\/2022\/04\/Logo-met-Tekst-Xelidonakia-1.png\",\"contentUrl\":\"https:\/\/pinakates.com\/wp-content\/uploads\/2022\/04\/Logo-met-Tekst-Xelidonakia-1.png\",\"width\":500,\"height\":100,\"caption\":\"B&B Ta Xelidonakia\"},\"image\":{\"@id\":\"https:\/\/pinakates.com\/#\/schema\/logo\/image\/\"},\"sameAs\":[\"https:\/\/www.facebook.com\/Bed-breakfast-Ta-Xelidonakia-157438244331982\"]}]}<\/script>\n<!-- \/ Yoast SEO plugin. -->","yoast_head_json":{"title":"Randonn\u00e9es - B&amp;B Ta Xelidonakia","description":"Dans la r\u00e9gion du B&B Ta Xelinakia (Les Hirondelles) il y a des randonn\u00e9es pour tout le monde.","robots":{"index":"index","follow":"follow","max-snippet":"max-snippet:-1","max-image-preview":"max-image-preview:large","max-video-preview":"max-video-preview:-1"},"canonical":"https:\/\/pinakates.com\/fr\/activites\/randonnees\/","og_locale":"fr_FR","og_type":"article","og_title":"Randonn\u00e9es - B&amp;B Ta Xelidonakia","og_description":"Dans la r\u00e9gion du B&B Ta Xelinakia (Les Hirondelles) il y a des randonn\u00e9es pour tout le monde.","og_url":"https:\/\/pinakates.com\/fr\/activites\/randonnees\/","og_site_name":"B&amp;B Ta Xelidonakia","article_publisher":"https:\/\/www.facebook.com\/Bed-breakfast-Ta-Xelidonakia-157438244331982","article_modified_time":"2022-07-10T14:09:38+00:00","twitter_card":"summary_large_image","twitter_misc":{"Dur\u00e9e de lecture estim\u00e9e":"1 minute"},"schema":{"@context":"https:\/\/schema.org","@graph":[{"@type":"WebPage","@id":"https:\/\/pinakates.com\/fr\/activites\/randonnees\/","url":"https:\/\/pinakates.com\/fr\/activites\/randonnees\/","name":"Randonn\u00e9es - B&amp;B Ta Xelidonakia","isPartOf":{"@id":"https:\/\/pinakates.com\/#website"},"datePublished":"2022-04-24T11:56:06+00:00","dateModified":"2022-07-10T14:09:38+00:00","description":"Dans la r\u00e9gion du B&B Ta Xelinakia (Les Hirondelles) il y a des randonn\u00e9es pour tout le monde.","breadcrumb":{"@id":"https:\/\/pinakates.com\/fr\/activites\/randonnees\/#breadcrumb"},"inLanguage":"fr-FR","potentialAction":[{"@type":"ReadAction","target":["https:\/\/pinakates.com\/fr\/activites\/randonnees\/"]}]},{"@type":"BreadcrumbList","@id":"https:\/\/pinakates.com\/fr\/activites\/randonnees\/#breadcrumb","itemListElement":[{"@type":"ListItem","position":1,"name":"Home","item":"https:\/\/pinakates.com\/fr\/"},{"@type":"ListItem","position":2,"name":"Activit\u00e9s &#038; Excursions","item":"https:\/\/pinakates.com\/fr\/activites\/"},{"@type":"ListItem","position":3,"name":"Randonn\u00e9es"}]},{"@type":"WebSite","@id":"https:\/\/pinakates.com\/#website","url":"https:\/\/pinakates.com\/","name":"B&amp;B Ta Xelidonakia","description":"Located in Pinakates (Central Greece)","publisher":{"@id":"https:\/\/pinakates.com\/#organization"},"potentialAction":[{"@type":"SearchAction","target":{"@type":"EntryPoint","urlTemplate":"https:\/\/pinakates.com\/?s={search_term_string}"},"query-input":{"@type":"PropertyValueSpecification","valueRequired":true,"valueName":"search_term_string"}}],"inLanguage":"fr-FR"},{"@type":"Organization","@id":"https:\/\/pinakates.com\/#organization","name":"B&B Ta Xelidonakia","url":"https:\/\/pinakates.com\/","logo":{"@type":"ImageObject","inLanguage":"fr-FR","@id":"https:\/\/pinakates.com\/#\/schema\/logo\/image\/","url":"https:\/\/pinakates.com\/wp-content\/uploads\/2022\/04\/Logo-met-Tekst-Xelidonakia-1.png","contentUrl":"https:\/\/pinakates.com\/wp-content\/uploads\/2022\/04\/Logo-met-Tekst-Xelidonakia-1.png","width":500,"height":100,"caption":"B&B Ta Xelidonakia"},"image":{"@id":"https:\/\/pinakates.com\/#\/schema\/logo\/image\/"},"sameAs":["https:\/\/www.facebook.com\/Bed-breakfast-Ta-Xelidonakia-157438244331982"]}]}},"_links":{"self":[{"href":"https:\/\/pinakates.com\/fr\/wp-json\/wp\/v2\/pages\/6218","targetHints":{"allow":["GET"]}}],"collection":[{"href":"https:\/\/pinakates.com\/fr\/wp-json\/wp\/v2\/pages"}],"about":[{"href":"https:\/\/pinakates.com\/fr\/wp-json\/wp\/v2\/types\/page"}],"author":[{"embeddable":true,"href":"https:\/\/pinakates.com\/fr\/wp-json\/wp\/v2\/users\/1"}],"replies":[{"embeddable":true,"href":"https:\/\/pinakates.com\/fr\/wp-json\/wp\/v2\/comments?post=6218"}],"version-history":[{"count":2,"href":"https:\/\/pinakates.com\/fr\/wp-json\/wp\/v2\/pages\/6218\/revisions"}],"predecessor-version":[{"id":6220,"href":"https:\/\/pinakates.com\/fr\/wp-json\/wp\/v2\/pages\/6218\/revisions\/6220"}],"up":[{"embeddable":true,"href":"https:\/\/pinakates.com\/fr\/wp-json\/wp\/v2\/pages\/6191"}],"wp:attachment":[{"href":"https:\/\/pinakates.com\/fr\/wp-json\/wp\/v2\/media?parent=6218"}],"curies":[{"name":"wp","href":"https:\/\/api.w.org\/{rel}","templated":true}]}}