{"id":6191,"date":"2020-07-01T12:38:22","date_gmt":"2020-07-01T09:38:22","guid":{"rendered":"https:\/\/pinakates.com\/activities\/"},"modified":"2022-07-10T17:05:26","modified_gmt":"2022-07-10T14:05:26","slug":"activites","status":"publish","type":"page","link":"https:\/\/pinakates.com\/fr\/activites\/","title":{"rendered":"Activit\u00e9s &#038; Excursions"},"content":{"rendered":"<p>[vc_row css=&#8221;{&#8220;mobile_portrait&#8220;: {&#8220;padding-top&#8220;: &#8220;15&#8220;,&#8220;padding-bottom&#8220;: &#8220;15&#8220;}}&#8221; uniqid=&#8221;5efc62787e106&#8243;][vc_column]      <div class=\"heading-block heading-5efc62b0bc070 tal h-h1\">\n                  <h1 class=\"h\">Activit\u00e9s &amp; Excursions<\/h1>\n              <\/div>\n    [\/vc_column][\/vc_row][vc_row css=&#8221;{&#8220;mobile_portrait&#8220;: {&#8220;padding-top&#8220;: &#8220;14&#8220;}}&#8221; uniqid=&#8221;5efc87428dd88&#8243;][vc_column]      <div class=\"heading-block heading-5ef07ddbb10d8 tal h-h4\">\n                  <h4 class=\"h\">Activit\u00e9s<\/h4>\n              <\/div>\n        <div class=\"tabs-block tabs-block-5ef0b4c6aaa49 \">\n      <div class=\"tab-nav\">\n        <div class=\"prev base-icon-prev\"><\/div>\n        <div class=\"next base-icon-next\"><\/div>\n        <div class=\"swiper-container\">\n          <div class=\"swiper-wrapper\">\n                          <div class=\"swiper-slide\">Plage<\/div>\n                          <div class=\"swiper-slide\">La Mer<\/div>\n                          <div class=\"swiper-slide\">A Bicyclette<\/div>\n                          <div class=\"swiper-slide\">Equitation<\/div>\n                          <div class=\"swiper-slide\">Petit Train<\/div>\n                          <div class=\"swiper-slide\">Randonn\u00e9e<\/div>\n                      <\/div>\n        <\/div>\n      <\/div>\n      <div class=\"tab-content swiper-container\">\n        <div class=\"swiper-wrapper\">      <div class=\"swiper-slide with-image\">\n                  <div class=\"image\" style=\"background-image: url(https:\/\/pinakates.com\/wp-content\/uploads\/2022\/04\/beach-main.jpg);\"><\/div>\n          <div class=\"content\">[vc_column_text el_class=&#8221;text-t1&#8243; uniqid=&#8221;5ef0811293606&#8243; css=&#8221;{}&#8221;]Le littoral du P\u00e9lion est extr\u00eamement beau. Seul, ou comme couple ou en famille vous y allez passer un bon temps.[\/vc_column_text]      <div class=\"button-container button-5ef090fb2951b left\">\n        <a class=\"button-style1\" href=\"\/fr\/activites\/plage\/\" target=\"_self\">\n          <span>Regardez la galerie de photos<\/span>\n                  <\/a>\n      <\/div>\n    [vc_empty_space height=&#8221;225px&#8221; el_class=&#8221;hidemobile&#8221;]<\/div>\n                \n      <\/div>\n          <div class=\"swiper-slide with-image\">\n                  <div class=\"image\" style=\"background-image: url(https:\/\/pinakates.com\/wp-content\/uploads\/2022\/04\/main-sea-1.jpg);\"><\/div>\n          <div class=\"content\">[vc_column_text el_class=&#8221;text-t1&#8243; css=&#8221;{}&#8221; uniqid=&#8221;626533d155866&#8243;]Partout vous pouvez faire du kayaking, surfing, supping ou faire une excursion avec un bateau ou louer un petit bateau \u00e0 moteur.[\/vc_column_text]      <div class=\"button-container button-626533dd298b4 left\">\n        <a class=\"button-style1\" href=\"\/fr\/activites\/mer\/\" target=\"_self\">\n          <span>Regardez la galerie de photos<\/span>\n                  <\/a>\n      <\/div>\n    [vc_empty_space height=&#8221;225px&#8221; el_class=&#8221;hidemobile&#8221;]<\/div>\n                \n      <\/div>\n          <div class=\"swiper-slide with-image\">\n                  <div class=\"image\" style=\"background-image: url(https:\/\/pinakates.com\/wp-content\/uploads\/2022\/04\/main-cycling.jpg);\"><\/div>\n          <div class=\"content\">[vc_column_text el_class=&#8221;text-t1&#8243; css=&#8221;{}&#8221; uniqid=&#8221;6265351da848b&#8221;]Les amateurs du v\u00e9lo vont s\u2019en donner \u00e0 coeur joie. Il y a des trajets pour les amateurs, pour les pros et pour les VTT .[\/vc_column_text]      <div class=\"button-container button-626534e820eb0 left\">\n        <a class=\"button-style1\" href=\"\/fr\/activites\/bicyclette\/\" target=\"_self\">\n          <span>Regardez la galerie de photos<\/span>\n                  <\/a>\n      <\/div>\n    [vc_empty_space height=&#8221;225px&#8221; el_class=&#8221;hidemobile&#8221;]<\/div>\n                \n      <\/div>\n          <div class=\"swiper-slide with-image\">\n                  <div class=\"image\" style=\"background-image: url(https:\/\/pinakates.com\/wp-content\/uploads\/2022\/04\/horse-main.jpg);\"><\/div>\n          <div class=\"content\">[vc_column_text el_class=&#8221;text-t1&#8243; css=&#8221;{}&#8221; uniqid=&#8221;626535c11233c&#8221;]D\u00e9couvrez notre r\u00e9gion d\u2019une autre mani\u00e8re m\u00eame si vous n&#8217;\u00eates pas un cavalier exp\u00e9riment\u00e9.[\/vc_column_text]      <div class=\"button-container button-626535d56842b left\">\n        <a class=\"button-style1\" href=\"\/fr\/activites\/equitation\/\" target=\"_self\">\n          <span>Regardez la galerie de photos<\/span>\n                  <\/a>\n      <\/div>\n    [vc_empty_space height=&#8221;225px&#8221; el_class=&#8221;hidemobile&#8221;]<\/div>\n                \n      <\/div>\n          <div class=\"swiper-slide with-image\">\n                  <div class=\"image\" style=\"background-image: url(https:\/\/pinakates.com\/wp-content\/uploads\/2022\/04\/main-train.jpg);\"><\/div>\n          <div class=\"content\">[vc_column_text el_class=&#8221;text-t1&#8243; css=&#8221;{}&#8221; uniqid=&#8221;62653709587b4&#8243;]L\u2019histoire particuli\u00e8re du train et les contes magiques du P\u00e9lion se r\u00e9unissent dans une excursion merveilleuse.[\/vc_column_text]      <div class=\"button-container button-6265373b81b0b left\">\n        <a class=\"button-style1\" href=\"\/fr\/activites\/petit-train\/\" target=\"_self\">\n          <span>Regardez la galerie de photos<\/span>\n                  <\/a>\n      <\/div>\n    [vc_empty_space height=&#8221;225px&#8221; el_class=&#8221;hidemobile&#8221;]<\/div>\n                \n      <\/div>\n          <div class=\"swiper-slide with-image\">\n                  <div class=\"image\" style=\"background-image: url(https:\/\/pinakates.com\/wp-content\/uploads\/2022\/04\/main-walking.jpg);\"><\/div>\n          <div class=\"content\">[vc_column_text el_class=&#8221;text-t1&#8243; css=&#8221;{}&#8221; uniqid=&#8221;626537bdb20f2&#8243;]Il y a des randonn\u00e9es pour tout le monde.[\/vc_column_text]      <div class=\"button-container button-626537c496436 left\">\n        <a class=\"button-style1\" href=\"\/fr\/activites\/randonnees\/\" target=\"_self\">\n          <span>Regardez la galerie de photos<\/span>\n                  <\/a>\n      <\/div>\n    [vc_empty_space height=&#8221;225px&#8221; el_class=&#8221;hidemobile&#8221;]<\/div>\n                \n      <\/div>\n    <\/div>\n      <\/div>\n    <\/div>\n    [\/vc_column][\/vc_row][vc_row css=&#8221;{&#8220;mobile_portrait&#8220;: {&#8220;padding-top&#8220;: &#8220;14&#8220;}}&#8221;][vc_column]      <div class=\"heading-block heading-626530b3ac2bd tal h-h4\">\n                  <h4 class=\"h\">Excursions<\/h4>\n              <\/div>\n        <div class=\"tabs-block tabs-block-69e8a56260991 \">\n      <div class=\"tab-nav\">\n        <div class=\"prev base-icon-prev\"><\/div>\n        <div class=\"next base-icon-next\"><\/div>\n        <div class=\"swiper-container\">\n          <div class=\"swiper-wrapper\">\n                          <div class=\"swiper-slide\">Pinakates<\/div>\n                          <div class=\"swiper-slide\">P\u00e9lion<\/div>\n                          <div class=\"swiper-slide\">Delphi<\/div>\n                          <div class=\"swiper-slide\">M\u00e9t\u00e9ora<\/div>\n                      <\/div>\n        <\/div>\n      <\/div>\n      <div class=\"tab-content swiper-container\">\n        <div class=\"swiper-wrapper\">      <div class=\"swiper-slide with-image\">\n                  <div class=\"image\" style=\"background-image: url(https:\/\/pinakates.com\/wp-content\/uploads\/2022\/04\/main-pinakates.jpg);\"><\/div>\n          <div class=\"content\">[vc_column_text el_class=&#8221;text-t1&#8243; css=&#8221;{}&#8221; uniqid=&#8221;6268060d2ab6d&#8221;]Pinakates est consid\u00e9r\u00e9 comme le village le plus authentique des 24 villages du P\u00e9lion et est devenu un village prot\u00e9g\u00e9.[\/vc_column_text]      <div class=\"button-container button-6268061604064 left\">\n        <a class=\"button-style1\" href=\"\/fr\/activites\/pinakates\/\" target=\"_self\">\n          <span>Regardez la galerie de photos<\/span>\n                  <\/a>\n      <\/div>\n    [vc_empty_space height=&#8221;225px&#8221; el_class=&#8221;hidemobile&#8221;]<\/div>\n                \n      <\/div>\n          <div class=\"swiper-slide with-image\">\n                  <div class=\"image\" style=\"background-image: url(https:\/\/pinakates.com\/wp-content\/uploads\/2022\/04\/main-pilion.jpg);\"><\/div>\n          <div class=\"content\">[vc_column_text el_class=&#8221;text-t1&#8243; css=&#8221;{}&#8221; uniqid=&#8221;626808baa8f0a&#8221;]P\u00e9lion est une region montagneuse dans le SO de Thessalia et forme une p\u00e9ninsule entre le Golfe Pagas\u00e9tique et la mer Ageique.[\/vc_column_text]      <div class=\"button-container button-626808e0b62b8 left\">\n        <a class=\"button-style1\" href=\"\/fr\/activites\/pelion\/\" target=\"_self\">\n          <span>Regardez la galerie de photos<\/span>\n                  <\/a>\n      <\/div>\n    [vc_empty_space height=&#8221;225px&#8221; el_class=&#8221;hidemobile&#8221;]<\/div>\n                \n      <\/div>\n          <div class=\"swiper-slide with-image\">\n                  <div class=\"image\" style=\"background-image: url(https:\/\/pinakates.com\/wp-content\/uploads\/2022\/04\/main-delphi.jpg);\"><\/div>\n          <div class=\"content\">[vc_column_text el_class=&#8221;text-t1&#8243; css=&#8221;{}&#8221; uniqid=&#8221;62680b1a69371&#8243;]Le village moderne de Delphi se trouve juste \u00e0 c\u00f4t\u00e9 du site archeologique.[\/vc_column_text]      <div class=\"button-container button-62680b246d2b5 left\">\n        <a class=\"button-style1\" href=\"\/fr\/activites\/delphi\/\" target=\"_self\">\n          <span>Regardez la galerie de photos<\/span>\n                  <\/a>\n      <\/div>\n    [vc_empty_space height=&#8221;225px&#8221; el_class=&#8221;hidemobile&#8221;]<\/div>\n                \n      <\/div>\n          <div class=\"swiper-slide with-image\">\n                  <div class=\"image\" style=\"background-image: url(https:\/\/pinakates.com\/wp-content\/uploads\/2022\/04\/main-meteora.jpg);\"><\/div>\n          <div class=\"content\">[vc_column_text el_class=&#8221;text-t1&#8243; css=&#8221;{}&#8221; uniqid=&#8221;62680df4c2a33&#8243;]Les monast\u00e8res se trouvent sur le sommet des formations rocheuses, Des si\u00e8cles d&#8217;\u00e9rosion et du vent ont cr\u00e9\u00e9s ces formations uniques.[\/vc_column_text]      <div class=\"button-container button-62680dfe90f85 left\">\n        <a class=\"button-style1\" href=\"\/fr\/activites\/meteora\/\" target=\"_self\">\n          <span>Regardez la galerie de photos<\/span>\n                  <\/a>\n      <\/div>\n    [vc_empty_space height=&#8221;225px&#8221; el_class=&#8221;hidemobile&#8221;]<\/div>\n                \n      <\/div>\n    <\/div>\n      <\/div>\n    <\/div>\n    [\/vc_column][\/vc_row]<\/p>\n","protected":false},"excerpt":{"rendered":"<p>[vc_row css=&#8221;{&#8220;mobile_portrait&#8220;: {&#8220;padding-top&#8220;: &#8220;15&#8220;,&#8220;padding-bottom&#8220;: &#8220;15&#8220;}}&#8221; uniqid=&#8221;5efc62787e106&#8243;][vc_column][\/vc_column][\/vc_row][vc_row css=&#8221;{&#8220;mobile_portrait&#8220;: {&#8220;padding-top&#8220;: &#8220;14&#8220;}}&#8221; uniqid=&#8221;5efc87428dd88&#8243;][vc_column][\/vc_column][\/vc_row][vc_row css=&#8221;{&#8220;mobile_portrait&#8220;: {&#8220;padding-top&#8220;: &#8220;14&#8220;}}&#8221;][vc_column][\/vc_column][\/vc_row]<\/p>\n","protected":false},"author":1,"featured_media":0,"parent":0,"menu_order":0,"comment_status":"closed","ping_status":"closed","template":"template-landing.php","meta":{"_acf_changed":false,"_monsterinsights_skip_tracking":false,"_monsterinsights_sitenote_active":false,"_monsterinsights_sitenote_note":"","_monsterinsights_sitenote_category":0,"footnotes":""},"class_list":["post-6191","page","type-page","status-publish","hentry"],"acf":[],"yoast_head":"<!-- This site is optimized with the Yoast SEO plugin v27.3 - https:\/\/yoast.com\/product\/yoast-seo-wordpress\/ -->\n<title>Activit\u00e9s &amp; Excursions - B&amp;B Ta Xelidonakia<\/title>\n<meta name=\"description\" content=\"Il y a une vari\u00e9t\u00e9 d\u2019activit\u00e9s sur la p\u00e9ninsule et vous pouvez visiter des sites comme Meteora dans une excursion d\u2019une journ\u00e9e.\" \/>\n<meta name=\"robots\" content=\"index, follow, max-snippet:-1, max-image-preview:large, max-video-preview:-1\" \/>\n<link rel=\"canonical\" href=\"https:\/\/pinakates.com\/fr\/activites\/\" \/>\n<meta property=\"og:locale\" content=\"fr_FR\" \/>\n<meta property=\"og:type\" content=\"article\" \/>\n<meta property=\"og:title\" content=\"Activit\u00e9s &amp; Excursions - B&amp;B Ta Xelidonakia\" \/>\n<meta property=\"og:description\" content=\"Il y a une vari\u00e9t\u00e9 d\u2019activit\u00e9s sur la p\u00e9ninsule et vous pouvez visiter des sites comme Meteora dans une excursion d\u2019une journ\u00e9e.\" \/>\n<meta property=\"og:url\" content=\"https:\/\/pinakates.com\/fr\/activites\/\" \/>\n<meta property=\"og:site_name\" content=\"B&amp;B Ta Xelidonakia\" \/>\n<meta property=\"article:publisher\" content=\"https:\/\/www.facebook.com\/Bed-breakfast-Ta-Xelidonakia-157438244331982\" \/>\n<meta property=\"article:modified_time\" content=\"2022-07-10T14:05:26+00:00\" \/>\n<meta name=\"twitter:card\" content=\"summary_large_image\" \/>\n<meta name=\"twitter:label1\" content=\"Dur\u00e9e de lecture estim\u00e9e\" \/>\n\t<meta name=\"twitter:data1\" content=\"2 minutes\" \/>\n<script type=\"application\/ld+json\" class=\"yoast-schema-graph\">{\"@context\":\"https:\\\/\\\/schema.org\",\"@graph\":[{\"@type\":\"WebPage\",\"@id\":\"https:\\\/\\\/pinakates.com\\\/fr\\\/activites\\\/\",\"url\":\"https:\\\/\\\/pinakates.com\\\/fr\\\/activites\\\/\",\"name\":\"Activit\u00e9s & Excursions - B&amp;B Ta Xelidonakia\",\"isPartOf\":{\"@id\":\"https:\\\/\\\/pinakates.com\\\/#website\"},\"datePublished\":\"2020-07-01T09:38:22+00:00\",\"dateModified\":\"2022-07-10T14:05:26+00:00\",\"description\":\"Il y a une vari\u00e9t\u00e9 d\u2019activit\u00e9s sur la p\u00e9ninsule et vous pouvez visiter des sites comme Meteora dans une excursion d\u2019une journ\u00e9e.\",\"breadcrumb\":{\"@id\":\"https:\\\/\\\/pinakates.com\\\/fr\\\/activites\\\/#breadcrumb\"},\"inLanguage\":\"fr-FR\",\"potentialAction\":[{\"@type\":\"ReadAction\",\"target\":[\"https:\\\/\\\/pinakates.com\\\/fr\\\/activites\\\/\"]}]},{\"@type\":\"BreadcrumbList\",\"@id\":\"https:\\\/\\\/pinakates.com\\\/fr\\\/activites\\\/#breadcrumb\",\"itemListElement\":[{\"@type\":\"ListItem\",\"position\":1,\"name\":\"Home\",\"item\":\"https:\\\/\\\/pinakates.com\\\/fr\\\/\"},{\"@type\":\"ListItem\",\"position\":2,\"name\":\"Activit\u00e9s &#038; Excursions\"}]},{\"@type\":\"WebSite\",\"@id\":\"https:\\\/\\\/pinakates.com\\\/#website\",\"url\":\"https:\\\/\\\/pinakates.com\\\/\",\"name\":\"B&amp;B Ta Xelidonakia\",\"description\":\"Located in Pinakates (Central Greece)\",\"publisher\":{\"@id\":\"https:\\\/\\\/pinakates.com\\\/#organization\"},\"potentialAction\":[{\"@type\":\"SearchAction\",\"target\":{\"@type\":\"EntryPoint\",\"urlTemplate\":\"https:\\\/\\\/pinakates.com\\\/?s={search_term_string}\"},\"query-input\":{\"@type\":\"PropertyValueSpecification\",\"valueRequired\":true,\"valueName\":\"search_term_string\"}}],\"inLanguage\":\"fr-FR\"},{\"@type\":\"Organization\",\"@id\":\"https:\\\/\\\/pinakates.com\\\/#organization\",\"name\":\"B&B Ta Xelidonakia\",\"url\":\"https:\\\/\\\/pinakates.com\\\/\",\"logo\":{\"@type\":\"ImageObject\",\"inLanguage\":\"fr-FR\",\"@id\":\"https:\\\/\\\/pinakates.com\\\/#\\\/schema\\\/logo\\\/image\\\/\",\"url\":\"https:\\\/\\\/pinakates.com\\\/wp-content\\\/uploads\\\/2022\\\/04\\\/Logo-met-Tekst-Xelidonakia-1.png\",\"contentUrl\":\"https:\\\/\\\/pinakates.com\\\/wp-content\\\/uploads\\\/2022\\\/04\\\/Logo-met-Tekst-Xelidonakia-1.png\",\"width\":500,\"height\":100,\"caption\":\"B&B Ta Xelidonakia\"},\"image\":{\"@id\":\"https:\\\/\\\/pinakates.com\\\/#\\\/schema\\\/logo\\\/image\\\/\"},\"sameAs\":[\"https:\\\/\\\/www.facebook.com\\\/Bed-breakfast-Ta-Xelidonakia-157438244331982\"]}]}<\/script>\n<!-- \/ Yoast SEO plugin. -->","yoast_head_json":{"title":"Activit\u00e9s & Excursions - B&amp;B Ta Xelidonakia","description":"Il y a une vari\u00e9t\u00e9 d\u2019activit\u00e9s sur la p\u00e9ninsule et vous pouvez visiter des sites comme Meteora dans une excursion d\u2019une journ\u00e9e.","robots":{"index":"index","follow":"follow","max-snippet":"max-snippet:-1","max-image-preview":"max-image-preview:large","max-video-preview":"max-video-preview:-1"},"canonical":"https:\/\/pinakates.com\/fr\/activites\/","og_locale":"fr_FR","og_type":"article","og_title":"Activit\u00e9s & Excursions - B&amp;B Ta Xelidonakia","og_description":"Il y a une vari\u00e9t\u00e9 d\u2019activit\u00e9s sur la p\u00e9ninsule et vous pouvez visiter des sites comme Meteora dans une excursion d\u2019une journ\u00e9e.","og_url":"https:\/\/pinakates.com\/fr\/activites\/","og_site_name":"B&amp;B Ta Xelidonakia","article_publisher":"https:\/\/www.facebook.com\/Bed-breakfast-Ta-Xelidonakia-157438244331982","article_modified_time":"2022-07-10T14:05:26+00:00","twitter_card":"summary_large_image","twitter_misc":{"Dur\u00e9e de lecture estim\u00e9e":"2 minutes"},"schema":{"@context":"https:\/\/schema.org","@graph":[{"@type":"WebPage","@id":"https:\/\/pinakates.com\/fr\/activites\/","url":"https:\/\/pinakates.com\/fr\/activites\/","name":"Activit\u00e9s & Excursions - B&amp;B Ta Xelidonakia","isPartOf":{"@id":"https:\/\/pinakates.com\/#website"},"datePublished":"2020-07-01T09:38:22+00:00","dateModified":"2022-07-10T14:05:26+00:00","description":"Il y a une vari\u00e9t\u00e9 d\u2019activit\u00e9s sur la p\u00e9ninsule et vous pouvez visiter des sites comme Meteora dans une excursion d\u2019une journ\u00e9e.","breadcrumb":{"@id":"https:\/\/pinakates.com\/fr\/activites\/#breadcrumb"},"inLanguage":"fr-FR","potentialAction":[{"@type":"ReadAction","target":["https:\/\/pinakates.com\/fr\/activites\/"]}]},{"@type":"BreadcrumbList","@id":"https:\/\/pinakates.com\/fr\/activites\/#breadcrumb","itemListElement":[{"@type":"ListItem","position":1,"name":"Home","item":"https:\/\/pinakates.com\/fr\/"},{"@type":"ListItem","position":2,"name":"Activit\u00e9s &#038; Excursions"}]},{"@type":"WebSite","@id":"https:\/\/pinakates.com\/#website","url":"https:\/\/pinakates.com\/","name":"B&amp;B Ta Xelidonakia","description":"Located in Pinakates (Central Greece)","publisher":{"@id":"https:\/\/pinakates.com\/#organization"},"potentialAction":[{"@type":"SearchAction","target":{"@type":"EntryPoint","urlTemplate":"https:\/\/pinakates.com\/?s={search_term_string}"},"query-input":{"@type":"PropertyValueSpecification","valueRequired":true,"valueName":"search_term_string"}}],"inLanguage":"fr-FR"},{"@type":"Organization","@id":"https:\/\/pinakates.com\/#organization","name":"B&B Ta Xelidonakia","url":"https:\/\/pinakates.com\/","logo":{"@type":"ImageObject","inLanguage":"fr-FR","@id":"https:\/\/pinakates.com\/#\/schema\/logo\/image\/","url":"https:\/\/pinakates.com\/wp-content\/uploads\/2022\/04\/Logo-met-Tekst-Xelidonakia-1.png","contentUrl":"https:\/\/pinakates.com\/wp-content\/uploads\/2022\/04\/Logo-met-Tekst-Xelidonakia-1.png","width":500,"height":100,"caption":"B&B Ta Xelidonakia"},"image":{"@id":"https:\/\/pinakates.com\/#\/schema\/logo\/image\/"},"sameAs":["https:\/\/www.facebook.com\/Bed-breakfast-Ta-Xelidonakia-157438244331982"]}]}},"_links":{"self":[{"href":"https:\/\/pinakates.com\/fr\/wp-json\/wp\/v2\/pages\/6191","targetHints":{"allow":["GET"]}}],"collection":[{"href":"https:\/\/pinakates.com\/fr\/wp-json\/wp\/v2\/pages"}],"about":[{"href":"https:\/\/pinakates.com\/fr\/wp-json\/wp\/v2\/types\/page"}],"author":[{"embeddable":true,"href":"https:\/\/pinakates.com\/fr\/wp-json\/wp\/v2\/users\/1"}],"replies":[{"embeddable":true,"href":"https:\/\/pinakates.com\/fr\/wp-json\/wp\/v2\/comments?post=6191"}],"version-history":[{"count":7,"href":"https:\/\/pinakates.com\/fr\/wp-json\/wp\/v2\/pages\/6191\/revisions"}],"predecessor-version":[{"id":7001,"href":"https:\/\/pinakates.com\/fr\/wp-json\/wp\/v2\/pages\/6191\/revisions\/7001"}],"wp:attachment":[{"href":"https:\/\/pinakates.com\/fr\/wp-json\/wp\/v2\/media?parent=6191"}],"curies":[{"name":"wp","href":"https:\/\/api.w.org\/{rel}","templated":true}]}}