{"id":6187,"date":"2020-07-01T11:52:38","date_gmt":"2020-07-01T08:52:38","guid":{"rendered":"https:\/\/pinakates.com\/about-us\/"},"modified":"2022-07-10T17:05:19","modified_gmt":"2022-07-10T14:05:19","slug":"a-propos-de-nous","status":"publish","type":"page","link":"https:\/\/pinakates.com\/fr\/a-propos-de-nous\/","title":{"rendered":"A Propos de Nous"},"content":{"rendered":"<p>[vc_row css=&#8221;{&#8220;mobile_portrait&#8220;: {&#8220;padding-top&#8220;: &#8220;15&#8220;,&#8220;padding-bottom&#8220;: &#8220;15&#8220;}}&#8221; uniqid=&#8221;5efc62787e106&#8243;][vc_column]      <div class=\"heading-block heading-5efc62b0bc070 tal h-h1\">\n                  <h1 class=\"h\">A Propos de Nous<\/h1>\n              <\/div>\n    [\/vc_column][\/vc_row][vc_row full_width=&#8221;stretch_row&#8221; equal_height=&#8221;yes&#8221; background_offset_bottom=&#8221;90px&#8221; css=&#8221;{&#8220;mobile_portrait&#8220;: {&#8220;padding-top&#8220;: &#8220;5&#8220;,&#8220;padding-bottom&#8220;: &#8220;25&#8220;}}&#8221; uniqid=&#8221;626008a39ce40&#8243;][vc_column][vc_column_text el_class=&#8221;text-t1&#8243; css=&#8221;{}&#8221; uniqid=&#8221;6283c81659257&#8243;]La maison a \u00e9t\u00e9 construite en 1847 par un Grec nomm\u00e9 Philippidis qui, comme tant de Grecs dans le temps, avait fait sa fortune en Egypte. Il est d\u00e9c\u00e9d\u00e9 en Egypte et son fr\u00e8re l&#8217;a herit\u00e9. La fille de son fr\u00e8re mariait un Vergos et la famille a habit\u00e9 dans la maison jusque aux ann\u00e9es 1980. Apr\u00e8s la mort de Anastasia Vergos, la derni\u00e8re habitante, la maison a \u00e9t\u00e9 abandonn\u00e9e.<\/p>\n<p>En 2002, nous avons achet\u00e9 la maison dans le but de la restaurer et de la remettre dans sa gloire ancienne en la transformant en Bed &amp; Breakfast. Les caract\u00e9ristiques typiques d&#8217;un manoir de Pilion sont combine\u00e9s avec le confort moderne, mais toutes les modifications sont toujours integr\u00e9es dans l&#8217;ambiance du manoir ancien. Par exemple, le balcon datant de 1902 qui \u00e9tait le r\u00e9sultat de la mode n\u00e9o-classique a \u00e9t\u00e9 d\u00e9plac\u00e9 vers une nouvelle d\u00e9pendance et la fa\u00e7ade a \u00e9t\u00e9 restaur\u00e9 dans son \u00e9tat original.<\/p>\n<p>La petite maison \u00e0 c\u00f4t\u00e9 du manoir, paraspito, a \u00e9t\u00e9 remodel\u00e9e afin de servir comme chambre de d\u00e9jeuner. Dans la nouvelle d\u00e9pendance 2 suites ont \u00e9t\u00e9 install\u00e9es et dans le b\u00e2timent principal nous avons int\u00e9gr\u00e9 7 chambres, la r\u00e9ception et un large salon sur le deuxi\u00e8me \u00e9tage, traditionnellement la &#8220;plus jolie chambre&#8221; du manoir.<\/p>\n<p>Si vous voulez jouir d&#8217;un s\u00e9jour dans un manoir grecque authentique, dans le plus pittoresque village de Pilion, vous avez trouv\u00e9 l&#8217;adresse exacte.[\/vc_column_text][\/vc_column][\/vc_row][vc_row full_width=&#8221;stretch_row&#8221; uniqid=&#8221;5eeb60dd228e3&#8243; background_offset_bottom=&#8221;90px&#8221; css=&#8221;{&#8220;mobile_portrait&#8220;: {&#8220;padding-top&#8220;: &#8220;0&#8220;,&#8220;padding-bottom&#8220;: &#8220;0&#8220;}}&#8221;][vc_column css=&#8221;{}&#8221; offset=&#8221;vc_hidden-sm vc_hidden-xs&#8221; uniqid=&#8221;62600b5b6da89&#8243;][vc_carousel_father arrowclr=&#8221;#000000&#8243; dotclr=&#8221;#000000&#8243;][vc_carousel_son titlesize=&#8221;0px&#8221; image_id=&#8221;3771&#8243; img_width=&#8221;60%&#8221;][\/vc_carousel_son][vc_carousel_son titlesize=&#8221;0px&#8221; image_id=&#8221;3768&#8243; img_width=&#8221;60%&#8221;][\/vc_carousel_son][\/vc_carousel_father][\/vc_column][\/vc_row][vc_row full_width=&#8221;stretch_row&#8221; background_offset_bottom=&#8221;90px&#8221; css=&#8221;{&#8220;mobile_portrait&#8220;: {&#8220;padding-top&#8220;: &#8220;0&#8220;,&#8220;padding-bottom&#8220;: &#8220;0&#8220;}}&#8221; uniqid=&#8221;62600bcb2192a&#8221;][vc_column uniqid=&#8221;62600b70c02a9&#8243; css=&#8221;{}&#8221; offset=&#8221;vc_hidden-lg vc_hidden-md&#8221;][vc_carousel_father arrowclr=&#8221;#000000&#8243; dotclr=&#8221;#000000&#8243;][vc_carousel_son titlesize=&#8221;0px&#8221; image_id=&#8221;3771&#8243; img_width=&#8221;90%&#8221;][\/vc_carousel_son][vc_carousel_son titlesize=&#8221;0px&#8221; image_id=&#8221;3768&#8243; img_width=&#8221;90%&#8221;][\/vc_carousel_son][\/vc_carousel_father][\/vc_column][\/vc_row][vc_row full_width=&#8221;stretch_row&#8221; css=&#8221;{}&#8221; uniqid=&#8221;5ef49d25d5dd6&#8243; background_color=&#8221;#ffffff&#8221; background_offset_bottom=&#8221;215px&#8221;][vc_column width=&#8221;5\/6&#8243;]    <div class=\"side-image-with-content side-image-with-content-5ef0ae42f7cfa right style1\">\n            <div class=\"content\">      <div class=\"heading-block heading-5ef0add6f3a48 tal h-h4\">\n                  <h4 class=\"h\">Restauration<\/h4>\n              <\/div>\n    [vc_column_text el_class=&#8221;text-t1&#8243; uniqid=&#8221;5ef0adede408e&#8221; css=&#8221;{}&#8221;]Feuilletez dans une petite s\u00e9lection de photos de la restauration.[\/vc_column_text]<\/div>\n          <\/div>\n    [\/vc_column][vc_column width=&#8221;1\/6&#8243;][\/vc_column][\/vc_row][vc_row full_width=&#8221;stretch_row&#8221; uniqid=&#8221;5efc80c03e1bf&#8221; background_color=&#8221;#ffffff&#8221; background_offset_top=&#8221;373px&#8221; css=&#8221;{&#8220;mobile_portrait&#8220;: {&#8220;padding-top&#8220;: &#8220;45&#8220;,&#8220;padding-bottom&#8220;: &#8220;30&#8220;}}&#8221;][vc_column][vc_masonry_media_grid grid_id=&#8221;vc_gid:1655912737342-8a989b74-beee-5&#8243; include=&#8221;5771,5772,5773,5774,5775,5776,5777,5778,5779,5780,5781,5782&#8243;][\/vc_column][\/vc_row]<\/p>\n","protected":false},"excerpt":{"rendered":"<p>[vc_row css=&#8221;{&#8220;mobile_portrait&#8220;: {&#8220;padding-top&#8220;: &#8220;15&#8220;,&#8220;padding-bottom&#8220;: &#8220;15&#8220;}}&#8221; uniqid=&#8221;5efc62787e106&#8243;][vc_column][\/vc_column][\/vc_row][vc_row full_width=&#8221;stretch_row&#8221; equal_height=&#8221;yes&#8221; background_offset_bottom=&#8221;90px&#8221; css=&#8221;{&#8220;mobile_portrait&#8220;: {&#8220;padding-top&#8220;: &#8220;5&#8220;,&#8220;padding-bottom&#8220;: &#8220;25&#8220;}}&#8221; uniqid=&#8221;626008a39ce40&#8243;][vc_column][vc_column_text el_class=&#8221;text-t1&#8243; css=&#8221;{}&#8221; uniqid=&#8221;6283c81659257&#8243;]La maison a \u00e9t\u00e9 construite en 1847 par un Grec nomm\u00e9 Philippidis qui, comme tant de Grecs dans le temps, avait fait sa fortune en Egypte. Il est d\u00e9c\u00e9d\u00e9 en Egypte et son fr\u00e8re l&#8217;a herit\u00e9. La fille de [&hellip;]<\/p>\n","protected":false},"author":1,"featured_media":0,"parent":0,"menu_order":0,"comment_status":"closed","ping_status":"closed","template":"template-landing.php","meta":{"_acf_changed":false,"_monsterinsights_skip_tracking":false,"_monsterinsights_sitenote_active":false,"_monsterinsights_sitenote_note":"","_monsterinsights_sitenote_category":0,"footnotes":""},"class_list":["post-6187","page","type-page","status-publish","hentry"],"acf":[],"yoast_head":"<!-- This site is optimized with the Yoast SEO plugin v27.3 - https:\/\/yoast.com\/product\/yoast-seo-wordpress\/ -->\n<title>A Propos de Nous - B&amp;B Ta Xelidonakia<\/title>\n<meta name=\"description\" content=\"En 2002, les propri\u00e9taires ont achet\u00e9 la maison dans le but de la remettre dans sa gloire ancienne en la transformant en B&amp;B.\" \/>\n<meta name=\"robots\" content=\"index, follow, max-snippet:-1, max-image-preview:large, max-video-preview:-1\" \/>\n<link rel=\"canonical\" href=\"https:\/\/pinakates.com\/fr\/a-propos-de-nous\/\" \/>\n<meta property=\"og:locale\" content=\"fr_FR\" \/>\n<meta property=\"og:type\" content=\"article\" \/>\n<meta property=\"og:title\" content=\"A Propos de Nous - B&amp;B Ta Xelidonakia\" \/>\n<meta property=\"og:description\" content=\"En 2002, les propri\u00e9taires ont achet\u00e9 la maison dans le but de la remettre dans sa gloire ancienne en la transformant en B&amp;B.\" \/>\n<meta property=\"og:url\" content=\"https:\/\/pinakates.com\/fr\/a-propos-de-nous\/\" \/>\n<meta property=\"og:site_name\" content=\"B&amp;B Ta Xelidonakia\" \/>\n<meta property=\"article:publisher\" content=\"https:\/\/www.facebook.com\/Bed-breakfast-Ta-Xelidonakia-157438244331982\" \/>\n<meta property=\"article:modified_time\" content=\"2022-07-10T14:05:19+00:00\" \/>\n<meta name=\"twitter:card\" content=\"summary_large_image\" \/>\n<meta name=\"twitter:label1\" content=\"Dur\u00e9e de lecture estim\u00e9e\" \/>\n\t<meta name=\"twitter:data1\" content=\"3 minutes\" \/>\n<script type=\"application\/ld+json\" class=\"yoast-schema-graph\">{\"@context\":\"https:\\\/\\\/schema.org\",\"@graph\":[{\"@type\":\"WebPage\",\"@id\":\"https:\\\/\\\/pinakates.com\\\/fr\\\/a-propos-de-nous\\\/\",\"url\":\"https:\\\/\\\/pinakates.com\\\/fr\\\/a-propos-de-nous\\\/\",\"name\":\"A Propos de Nous - B&amp;B Ta Xelidonakia\",\"isPartOf\":{\"@id\":\"https:\\\/\\\/pinakates.com\\\/#website\"},\"datePublished\":\"2020-07-01T08:52:38+00:00\",\"dateModified\":\"2022-07-10T14:05:19+00:00\",\"description\":\"En 2002, les propri\u00e9taires ont achet\u00e9 la maison dans le but de la remettre dans sa gloire ancienne en la transformant en B&B.\",\"breadcrumb\":{\"@id\":\"https:\\\/\\\/pinakates.com\\\/fr\\\/a-propos-de-nous\\\/#breadcrumb\"},\"inLanguage\":\"fr-FR\",\"potentialAction\":[{\"@type\":\"ReadAction\",\"target\":[\"https:\\\/\\\/pinakates.com\\\/fr\\\/a-propos-de-nous\\\/\"]}]},{\"@type\":\"BreadcrumbList\",\"@id\":\"https:\\\/\\\/pinakates.com\\\/fr\\\/a-propos-de-nous\\\/#breadcrumb\",\"itemListElement\":[{\"@type\":\"ListItem\",\"position\":1,\"name\":\"Home\",\"item\":\"https:\\\/\\\/pinakates.com\\\/fr\\\/\"},{\"@type\":\"ListItem\",\"position\":2,\"name\":\"A Propos de Nous\"}]},{\"@type\":\"WebSite\",\"@id\":\"https:\\\/\\\/pinakates.com\\\/#website\",\"url\":\"https:\\\/\\\/pinakates.com\\\/\",\"name\":\"B&amp;B Ta Xelidonakia\",\"description\":\"Located in Pinakates (Central Greece)\",\"publisher\":{\"@id\":\"https:\\\/\\\/pinakates.com\\\/#organization\"},\"potentialAction\":[{\"@type\":\"SearchAction\",\"target\":{\"@type\":\"EntryPoint\",\"urlTemplate\":\"https:\\\/\\\/pinakates.com\\\/?s={search_term_string}\"},\"query-input\":{\"@type\":\"PropertyValueSpecification\",\"valueRequired\":true,\"valueName\":\"search_term_string\"}}],\"inLanguage\":\"fr-FR\"},{\"@type\":\"Organization\",\"@id\":\"https:\\\/\\\/pinakates.com\\\/#organization\",\"name\":\"B&B Ta Xelidonakia\",\"url\":\"https:\\\/\\\/pinakates.com\\\/\",\"logo\":{\"@type\":\"ImageObject\",\"inLanguage\":\"fr-FR\",\"@id\":\"https:\\\/\\\/pinakates.com\\\/#\\\/schema\\\/logo\\\/image\\\/\",\"url\":\"https:\\\/\\\/pinakates.com\\\/wp-content\\\/uploads\\\/2022\\\/04\\\/Logo-met-Tekst-Xelidonakia-1.png\",\"contentUrl\":\"https:\\\/\\\/pinakates.com\\\/wp-content\\\/uploads\\\/2022\\\/04\\\/Logo-met-Tekst-Xelidonakia-1.png\",\"width\":500,\"height\":100,\"caption\":\"B&B Ta Xelidonakia\"},\"image\":{\"@id\":\"https:\\\/\\\/pinakates.com\\\/#\\\/schema\\\/logo\\\/image\\\/\"},\"sameAs\":[\"https:\\\/\\\/www.facebook.com\\\/Bed-breakfast-Ta-Xelidonakia-157438244331982\"]}]}<\/script>\n<!-- \/ Yoast SEO plugin. -->","yoast_head_json":{"title":"A Propos de Nous - B&amp;B Ta Xelidonakia","description":"En 2002, les propri\u00e9taires ont achet\u00e9 la maison dans le but de la remettre dans sa gloire ancienne en la transformant en B&B.","robots":{"index":"index","follow":"follow","max-snippet":"max-snippet:-1","max-image-preview":"max-image-preview:large","max-video-preview":"max-video-preview:-1"},"canonical":"https:\/\/pinakates.com\/fr\/a-propos-de-nous\/","og_locale":"fr_FR","og_type":"article","og_title":"A Propos de Nous - B&amp;B Ta Xelidonakia","og_description":"En 2002, les propri\u00e9taires ont achet\u00e9 la maison dans le but de la remettre dans sa gloire ancienne en la transformant en B&B.","og_url":"https:\/\/pinakates.com\/fr\/a-propos-de-nous\/","og_site_name":"B&amp;B Ta Xelidonakia","article_publisher":"https:\/\/www.facebook.com\/Bed-breakfast-Ta-Xelidonakia-157438244331982","article_modified_time":"2022-07-10T14:05:19+00:00","twitter_card":"summary_large_image","twitter_misc":{"Dur\u00e9e de lecture estim\u00e9e":"3 minutes"},"schema":{"@context":"https:\/\/schema.org","@graph":[{"@type":"WebPage","@id":"https:\/\/pinakates.com\/fr\/a-propos-de-nous\/","url":"https:\/\/pinakates.com\/fr\/a-propos-de-nous\/","name":"A Propos de Nous - B&amp;B Ta Xelidonakia","isPartOf":{"@id":"https:\/\/pinakates.com\/#website"},"datePublished":"2020-07-01T08:52:38+00:00","dateModified":"2022-07-10T14:05:19+00:00","description":"En 2002, les propri\u00e9taires ont achet\u00e9 la maison dans le but de la remettre dans sa gloire ancienne en la transformant en B&B.","breadcrumb":{"@id":"https:\/\/pinakates.com\/fr\/a-propos-de-nous\/#breadcrumb"},"inLanguage":"fr-FR","potentialAction":[{"@type":"ReadAction","target":["https:\/\/pinakates.com\/fr\/a-propos-de-nous\/"]}]},{"@type":"BreadcrumbList","@id":"https:\/\/pinakates.com\/fr\/a-propos-de-nous\/#breadcrumb","itemListElement":[{"@type":"ListItem","position":1,"name":"Home","item":"https:\/\/pinakates.com\/fr\/"},{"@type":"ListItem","position":2,"name":"A Propos de Nous"}]},{"@type":"WebSite","@id":"https:\/\/pinakates.com\/#website","url":"https:\/\/pinakates.com\/","name":"B&amp;B Ta Xelidonakia","description":"Located in Pinakates (Central Greece)","publisher":{"@id":"https:\/\/pinakates.com\/#organization"},"potentialAction":[{"@type":"SearchAction","target":{"@type":"EntryPoint","urlTemplate":"https:\/\/pinakates.com\/?s={search_term_string}"},"query-input":{"@type":"PropertyValueSpecification","valueRequired":true,"valueName":"search_term_string"}}],"inLanguage":"fr-FR"},{"@type":"Organization","@id":"https:\/\/pinakates.com\/#organization","name":"B&B Ta Xelidonakia","url":"https:\/\/pinakates.com\/","logo":{"@type":"ImageObject","inLanguage":"fr-FR","@id":"https:\/\/pinakates.com\/#\/schema\/logo\/image\/","url":"https:\/\/pinakates.com\/wp-content\/uploads\/2022\/04\/Logo-met-Tekst-Xelidonakia-1.png","contentUrl":"https:\/\/pinakates.com\/wp-content\/uploads\/2022\/04\/Logo-met-Tekst-Xelidonakia-1.png","width":500,"height":100,"caption":"B&B Ta Xelidonakia"},"image":{"@id":"https:\/\/pinakates.com\/#\/schema\/logo\/image\/"},"sameAs":["https:\/\/www.facebook.com\/Bed-breakfast-Ta-Xelidonakia-157438244331982"]}]}},"_links":{"self":[{"href":"https:\/\/pinakates.com\/fr\/wp-json\/wp\/v2\/pages\/6187","targetHints":{"allow":["GET"]}}],"collection":[{"href":"https:\/\/pinakates.com\/fr\/wp-json\/wp\/v2\/pages"}],"about":[{"href":"https:\/\/pinakates.com\/fr\/wp-json\/wp\/v2\/types\/page"}],"author":[{"embeddable":true,"href":"https:\/\/pinakates.com\/fr\/wp-json\/wp\/v2\/users\/1"}],"replies":[{"embeddable":true,"href":"https:\/\/pinakates.com\/fr\/wp-json\/wp\/v2\/comments?post=6187"}],"version-history":[{"count":2,"href":"https:\/\/pinakates.com\/fr\/wp-json\/wp\/v2\/pages\/6187\/revisions"}],"predecessor-version":[{"id":6190,"href":"https:\/\/pinakates.com\/fr\/wp-json\/wp\/v2\/pages\/6187\/revisions\/6190"}],"wp:attachment":[{"href":"https:\/\/pinakates.com\/fr\/wp-json\/wp\/v2\/media?parent=6187"}],"curies":[{"name":"wp","href":"https:\/\/api.w.org\/{rel}","templated":true}]}}