{"id":6179,"date":"2020-06-16T07:48:41","date_gmt":"2020-06-16T04:48:41","guid":{"rendered":"https:\/\/pinakates.com\/privacy\/"},"modified":"2022-07-08T13:07:45","modified_gmt":"2022-07-08T10:07:45","slug":"confidentialite","status":"publish","type":"page","link":"https:\/\/pinakates.com\/fr\/confidentialite\/","title":{"rendered":"Politique de Confidentialit\u00e9"},"content":{"rendered":"<p>Conform\u00e9ment aux exigences du GDPR du 25 mai 2018, il s&#8217;agit d&#8217;informer tous les clients qui souhaitent r\u00e9server un h\u00e9bergement \u00e0 Ta Xelidonakia, des donn\u00e9es dont nous avons besoin, stockons et comment nous les utilisons.<\/p>\n<p>En proc\u00e9dant \u00e0 votre r\u00e9servation, vous consentez \u00e0 utiliser ces donn\u00e9es pour compl\u00e9ter votre r\u00e9servation et fournir tous les services conform\u00e9ment \u00e0 nos politiques.<\/p>\n<p>Nous pouvons \u00eatre amen\u00e9s \u00e0 conserver les informations suivantes sur votre compte\u00a0:<br \/>\nNom Adresse<br \/>\nAdresse e-mail<br \/>\nNum\u00e9ros de t\u00e9l\u00e9phone (mobile et fixe)<br \/>\nD\u00e9tails de la carte de cr\u00e9dit\/d\u00e9bit<br \/>\nNum\u00e9ro d&#8217;immatriculation de la voiture<\/p>\n<p>Ces donn\u00e9es seront conserv\u00e9es en toute s\u00e9curit\u00e9 et conserv\u00e9es aussi longtemps que n\u00e9cessaire pour fournir nos services. Une fois qu&#8217;il n&#8217;est plus n\u00e9cessaire de fournir nos services, les d\u00e9tails de la carte de cr\u00e9dit\/d\u00e9bit seront supprim\u00e9s dans les 24 heures apr\u00e8s le d\u00e9part ou plus t\u00f4t \u00e0 la demande du client \u00e0 condition qu&#8217;il n&#8217;y ait pas de frais impay\u00e9s. Le nom, les coordonn\u00e9es et le num\u00e9ro d&#8217;immatriculation de la voiture de l&#8217;invit\u00e9\/des invit\u00e9s resteront enregistr\u00e9s dans le syst\u00e8me de r\u00e9servation, mais ne seront pas utilis\u00e9s \u00e0 des fins de marketing sans le consentement de l&#8217;invit\u00e9.<\/p>\n<p>Des copies papier des formulaires d&#8217;enregistrement et d&#8217;autres documents contenant des donn\u00e9es personnelles seront conserv\u00e9es dans un endroit s\u00e9curis\u00e9 pendant la p\u00e9riode requise pour se conformer aux lois locales) puis d\u00e9truites. Toutes les Donn\u00e9es que nous d\u00e9tenons ne pourront \u00eatre r\u00e9cup\u00e9r\u00e9es que par la personne \u00e0 laquelle elles se rapportent et ne seront communiqu\u00e9es que par des moyens secondaires ou en personne \u00e0 condition que cette personne nous soit reconnue.<\/p>\n<p>Les agences de voyages en ligne qui nous fournissent les d\u00e9tails des r\u00e9servations effectu\u00e9es en ligne sont conformes \u00e0 la nouvelle r\u00e9glementation GDPR. Il en va de m\u00eame pour tous nos autres fournisseurs (par exemple, Google Analytics).<\/p>\n<p>Les terminaux utilis\u00e9s pour traiter les paiements par carte sont fournis par Alfa Credit Bank, conformes \u00e0 la fois au RGPD et \u00e0 la norme PCI DSS (Payment Card Industry Data Security Standard).<\/p>\n<p>Le propri\u00e9taire, \u00e9tant le d\u00e9l\u00e9gu\u00e9 \u00e0 la protection des donn\u00e9es d\u00e9sign\u00e9, est responsable de la collecte, de la maintenance, du stockage et de l&#8217;\u00e9limination s\u00fbre des donn\u00e9es collect\u00e9es.<\/p>\n<p>Les copies papier contenant des donn\u00e9es personnelles sont conserv\u00e9es dans un endroit s\u00e9curis\u00e9, puis d\u00e9chiquet\u00e9es.<\/p>\n<p>Vous pouvez contacter notre d\u00e9l\u00e9gu\u00e9 \u00e0 la protection des donn\u00e9es \u00e0 tout moment pour toute question concernant la protection des donn\u00e9es \u00e0 l&#8217;adresse renders@otenet.gr \u00e0 l&#8217;attention du DPO ou par \u00e9crit \u00e0 : Data Protection Officer, Ta Xelidonakia, Plateia, 37010 Pinakates (Notiou Piliou), Gr\u00e8ce.<\/p>\n<p>Vous avez le droit de vous opposer \u00e0 tout moment au traitement de vos donn\u00e9es personnelles. Cela peut entra\u00eener l&#8217;annulation de votre r\u00e9servation car nous ne pourrons pas vous fournir nos services sans avoir acc\u00e8s \u00e0 ces donn\u00e9es. Tout service contract\u00e9 ou frais d&#8217;annulation s&#8217;appliqueront toujours.<\/p>\n<p>Vous avez \u00e9galement le droit \u00e0 tout moment de corriger ou de supprimer vos donn\u00e9es personnelles. Veuillez nous contacter avec votre demande et nous agirons en cons\u00e9quence. Les donn\u00e9es que nous devons conserver conform\u00e9ment \u00e0 la loi ne peuvent pas \u00eatre supprim\u00e9es.<\/p>\n<p>Vous avez toujours le droit de consulter vos donn\u00e9es personnelles.<\/p>\n<p>Sur notre site, il est possible que vous soyez dirig\u00e9 via des liens vers des tiers. Nous n&#8217;avons pas la possibilit\u00e9 de v\u00e9rifier ou de contr\u00f4ler ces tiers et nous ne pouvons donc pas garantir le contenu ou l&#8217;exactitude de ces tiers. Nous fournissons ces liens uniquement pour votre information.<\/p>\n<p>Lorsque vous souhaitez utiliser des \u00e9l\u00e9ments de notre site ou lorsque vous souhaitez vous r\u00e9f\u00e9rer via des liens vers notre site, vous devez d&#8217;abord demander notre autorisation.<\/p>\n<p>En cas de litige, celui-ci sera trait\u00e9 par les tribunaux grecs.<\/p>\n<p>Les donn\u00e9es de la compagnie.<br \/>\nNom : Ta Xelidonakia<br \/>\nEOT : MHTE 0726K05AA000530<br \/>\nAdresse : Plateia, 37010 Pinakates (Notiou Piliou), Gr\u00e8ce<br \/>\nT\u00e9l. : 00302423086920<br \/>\nFoule. : 00306976215187<br \/>\nSite : www.pinakates.com<br \/>\nMail : renders@otenet.gr<\/p>\n","protected":false},"excerpt":{"rendered":"<p>Conform\u00e9ment aux exigences du GDPR du 25 mai 2018, il s&#8217;agit d&#8217;informer tous les clients qui souhaitent r\u00e9server un h\u00e9bergement \u00e0 Ta Xelidonakia, des donn\u00e9es dont nous avons besoin, stockons et comment nous les utilisons. En proc\u00e9dant \u00e0 votre r\u00e9servation, vous consentez \u00e0 utiliser ces donn\u00e9es pour compl\u00e9ter votre r\u00e9servation et fournir tous les services [&hellip;]<\/p>\n","protected":false},"author":1,"featured_media":0,"parent":0,"menu_order":0,"comment_status":"closed","ping_status":"open","template":"","meta":{"_acf_changed":false,"_monsterinsights_skip_tracking":false,"_monsterinsights_sitenote_active":false,"_monsterinsights_sitenote_note":"","_monsterinsights_sitenote_category":0,"footnotes":""},"class_list":["post-6179","page","type-page","status-publish","hentry"],"acf":[],"yoast_head":"<!-- This site is optimized with the Yoast SEO plugin v27.3 - https:\/\/yoast.com\/product\/yoast-seo-wordpress\/ -->\n<title>Politique de Confidentialit\u00e9 - B&amp;B Ta Xelidonakia<\/title>\n<meta name=\"robots\" content=\"noindex, follow\" \/>\n<meta property=\"og:locale\" content=\"fr_FR\" \/>\n<meta property=\"og:type\" content=\"article\" \/>\n<meta property=\"og:title\" content=\"Politique de Confidentialit\u00e9 - B&amp;B Ta Xelidonakia\" \/>\n<meta property=\"og:description\" content=\"Conform\u00e9ment aux exigences du GDPR du 25 mai 2018, il s&#8217;agit d&#8217;informer tous les clients qui souhaitent r\u00e9server un h\u00e9bergement \u00e0 Ta Xelidonakia, des donn\u00e9es dont nous avons besoin, stockons et comment nous les utilisons. En proc\u00e9dant \u00e0 votre r\u00e9servation, vous consentez \u00e0 utiliser ces donn\u00e9es pour compl\u00e9ter votre r\u00e9servation et fournir tous les services [&hellip;]\" \/>\n<meta property=\"og:url\" content=\"https:\/\/pinakates.com\/fr\/confidentialite\/\" \/>\n<meta property=\"og:site_name\" content=\"B&amp;B Ta Xelidonakia\" \/>\n<meta property=\"article:publisher\" content=\"https:\/\/www.facebook.com\/Bed-breakfast-Ta-Xelidonakia-157438244331982\" \/>\n<meta property=\"article:modified_time\" content=\"2022-07-08T10:07:45+00:00\" \/>\n<meta name=\"twitter:card\" content=\"summary_large_image\" \/>\n<meta name=\"twitter:label1\" content=\"Dur\u00e9e de lecture estim\u00e9e\" \/>\n\t<meta name=\"twitter:data1\" content=\"3 minutes\" \/>\n<script type=\"application\/ld+json\" class=\"yoast-schema-graph\">{\"@context\":\"https:\\\/\\\/schema.org\",\"@graph\":[{\"@type\":\"WebPage\",\"@id\":\"https:\\\/\\\/pinakates.com\\\/fr\\\/confidentialite\\\/\",\"url\":\"https:\\\/\\\/pinakates.com\\\/fr\\\/confidentialite\\\/\",\"name\":\"Politique de Confidentialit\u00e9 - B&amp;B Ta Xelidonakia\",\"isPartOf\":{\"@id\":\"https:\\\/\\\/pinakates.com\\\/#website\"},\"datePublished\":\"2020-06-16T04:48:41+00:00\",\"dateModified\":\"2022-07-08T10:07:45+00:00\",\"breadcrumb\":{\"@id\":\"https:\\\/\\\/pinakates.com\\\/fr\\\/confidentialite\\\/#breadcrumb\"},\"inLanguage\":\"fr-FR\",\"potentialAction\":[{\"@type\":\"ReadAction\",\"target\":[\"https:\\\/\\\/pinakates.com\\\/fr\\\/confidentialite\\\/\"]}]},{\"@type\":\"BreadcrumbList\",\"@id\":\"https:\\\/\\\/pinakates.com\\\/fr\\\/confidentialite\\\/#breadcrumb\",\"itemListElement\":[{\"@type\":\"ListItem\",\"position\":1,\"name\":\"Home\",\"item\":\"https:\\\/\\\/pinakates.com\\\/fr\\\/\"},{\"@type\":\"ListItem\",\"position\":2,\"name\":\"Politique de Confidentialit\u00e9\"}]},{\"@type\":\"WebSite\",\"@id\":\"https:\\\/\\\/pinakates.com\\\/#website\",\"url\":\"https:\\\/\\\/pinakates.com\\\/\",\"name\":\"B&amp;B Ta Xelidonakia\",\"description\":\"Located in Pinakates (Central Greece)\",\"publisher\":{\"@id\":\"https:\\\/\\\/pinakates.com\\\/#organization\"},\"potentialAction\":[{\"@type\":\"SearchAction\",\"target\":{\"@type\":\"EntryPoint\",\"urlTemplate\":\"https:\\\/\\\/pinakates.com\\\/?s={search_term_string}\"},\"query-input\":{\"@type\":\"PropertyValueSpecification\",\"valueRequired\":true,\"valueName\":\"search_term_string\"}}],\"inLanguage\":\"fr-FR\"},{\"@type\":\"Organization\",\"@id\":\"https:\\\/\\\/pinakates.com\\\/#organization\",\"name\":\"B&B Ta Xelidonakia\",\"url\":\"https:\\\/\\\/pinakates.com\\\/\",\"logo\":{\"@type\":\"ImageObject\",\"inLanguage\":\"fr-FR\",\"@id\":\"https:\\\/\\\/pinakates.com\\\/#\\\/schema\\\/logo\\\/image\\\/\",\"url\":\"https:\\\/\\\/pinakates.com\\\/wp-content\\\/uploads\\\/2022\\\/04\\\/Logo-met-Tekst-Xelidonakia-1.png\",\"contentUrl\":\"https:\\\/\\\/pinakates.com\\\/wp-content\\\/uploads\\\/2022\\\/04\\\/Logo-met-Tekst-Xelidonakia-1.png\",\"width\":500,\"height\":100,\"caption\":\"B&B Ta Xelidonakia\"},\"image\":{\"@id\":\"https:\\\/\\\/pinakates.com\\\/#\\\/schema\\\/logo\\\/image\\\/\"},\"sameAs\":[\"https:\\\/\\\/www.facebook.com\\\/Bed-breakfast-Ta-Xelidonakia-157438244331982\"]}]}<\/script>\n<!-- \/ Yoast SEO plugin. -->","yoast_head_json":{"title":"Politique de Confidentialit\u00e9 - B&amp;B Ta Xelidonakia","robots":{"index":"noindex","follow":"follow"},"og_locale":"fr_FR","og_type":"article","og_title":"Politique de Confidentialit\u00e9 - B&amp;B Ta Xelidonakia","og_description":"Conform\u00e9ment aux exigences du GDPR du 25 mai 2018, il s&#8217;agit d&#8217;informer tous les clients qui souhaitent r\u00e9server un h\u00e9bergement \u00e0 Ta Xelidonakia, des donn\u00e9es dont nous avons besoin, stockons et comment nous les utilisons. En proc\u00e9dant \u00e0 votre r\u00e9servation, vous consentez \u00e0 utiliser ces donn\u00e9es pour compl\u00e9ter votre r\u00e9servation et fournir tous les services [&hellip;]","og_url":"https:\/\/pinakates.com\/fr\/confidentialite\/","og_site_name":"B&amp;B Ta Xelidonakia","article_publisher":"https:\/\/www.facebook.com\/Bed-breakfast-Ta-Xelidonakia-157438244331982","article_modified_time":"2022-07-08T10:07:45+00:00","twitter_card":"summary_large_image","twitter_misc":{"Dur\u00e9e de lecture estim\u00e9e":"3 minutes"},"schema":{"@context":"https:\/\/schema.org","@graph":[{"@type":"WebPage","@id":"https:\/\/pinakates.com\/fr\/confidentialite\/","url":"https:\/\/pinakates.com\/fr\/confidentialite\/","name":"Politique de Confidentialit\u00e9 - B&amp;B Ta Xelidonakia","isPartOf":{"@id":"https:\/\/pinakates.com\/#website"},"datePublished":"2020-06-16T04:48:41+00:00","dateModified":"2022-07-08T10:07:45+00:00","breadcrumb":{"@id":"https:\/\/pinakates.com\/fr\/confidentialite\/#breadcrumb"},"inLanguage":"fr-FR","potentialAction":[{"@type":"ReadAction","target":["https:\/\/pinakates.com\/fr\/confidentialite\/"]}]},{"@type":"BreadcrumbList","@id":"https:\/\/pinakates.com\/fr\/confidentialite\/#breadcrumb","itemListElement":[{"@type":"ListItem","position":1,"name":"Home","item":"https:\/\/pinakates.com\/fr\/"},{"@type":"ListItem","position":2,"name":"Politique de Confidentialit\u00e9"}]},{"@type":"WebSite","@id":"https:\/\/pinakates.com\/#website","url":"https:\/\/pinakates.com\/","name":"B&amp;B Ta Xelidonakia","description":"Located in Pinakates (Central Greece)","publisher":{"@id":"https:\/\/pinakates.com\/#organization"},"potentialAction":[{"@type":"SearchAction","target":{"@type":"EntryPoint","urlTemplate":"https:\/\/pinakates.com\/?s={search_term_string}"},"query-input":{"@type":"PropertyValueSpecification","valueRequired":true,"valueName":"search_term_string"}}],"inLanguage":"fr-FR"},{"@type":"Organization","@id":"https:\/\/pinakates.com\/#organization","name":"B&B Ta Xelidonakia","url":"https:\/\/pinakates.com\/","logo":{"@type":"ImageObject","inLanguage":"fr-FR","@id":"https:\/\/pinakates.com\/#\/schema\/logo\/image\/","url":"https:\/\/pinakates.com\/wp-content\/uploads\/2022\/04\/Logo-met-Tekst-Xelidonakia-1.png","contentUrl":"https:\/\/pinakates.com\/wp-content\/uploads\/2022\/04\/Logo-met-Tekst-Xelidonakia-1.png","width":500,"height":100,"caption":"B&B Ta Xelidonakia"},"image":{"@id":"https:\/\/pinakates.com\/#\/schema\/logo\/image\/"},"sameAs":["https:\/\/www.facebook.com\/Bed-breakfast-Ta-Xelidonakia-157438244331982"]}]}},"_links":{"self":[{"href":"https:\/\/pinakates.com\/fr\/wp-json\/wp\/v2\/pages\/6179","targetHints":{"allow":["GET"]}}],"collection":[{"href":"https:\/\/pinakates.com\/fr\/wp-json\/wp\/v2\/pages"}],"about":[{"href":"https:\/\/pinakates.com\/fr\/wp-json\/wp\/v2\/types\/page"}],"author":[{"embeddable":true,"href":"https:\/\/pinakates.com\/fr\/wp-json\/wp\/v2\/users\/1"}],"replies":[{"embeddable":true,"href":"https:\/\/pinakates.com\/fr\/wp-json\/wp\/v2\/comments?post=6179"}],"version-history":[{"count":2,"href":"https:\/\/pinakates.com\/fr\/wp-json\/wp\/v2\/pages\/6179\/revisions"}],"predecessor-version":[{"id":6999,"href":"https:\/\/pinakates.com\/fr\/wp-json\/wp\/v2\/pages\/6179\/revisions\/6999"}],"wp:attachment":[{"href":"https:\/\/pinakates.com\/fr\/wp-json\/wp\/v2\/media?parent=6179"}],"curies":[{"name":"wp","href":"https:\/\/api.w.org\/{rel}","templated":true}]}}