{"id":6168,"date":"2020-06-16T13:41:24","date_gmt":"2020-06-16T10:41:24","guid":{"rendered":"https:\/\/pinakates.com\/beach-hotel\/"},"modified":"2024-07-15T15:16:13","modified_gmt":"2024-07-15T12:16:13","slug":"beach-hotel","status":"publish","type":"page","link":"https:\/\/pinakates.com\/fr\/","title":{"rendered":"Home"},"content":{"rendered":"<p>[vc_row full_width=&#8221;stretch_row_content_no_spaces&#8221; uniqid=&#8221;5ef99174fcdfd&#8221; css=&#8221;{&#8220;mobile_portrait&#8220;: {&#8220;padding-top&#8220;: &#8220;15&#8220;}}&#8221;][vc_column css=&#8221;{}&#8221; offset=&#8221;vc_hidden-xs&#8221; uniqid=&#8221;625afea97ac83&#8243;]\t\t<div class=\"banner-area banner-area-5ee8ce3f3f489 banner-with-image-offset2 stretch-container-fluid\">\n\t\t\t<div class=\"banner-slider swiper-container  full-height\">\n\t\t\t\t\t\t\t\t<div class=\"swiper-wrapper\">\n\t\t\t\t\t\t\t<div class=\"swiper-slide\">\n\t\t\t<div class=\"banner-item banner-item-62b4729898040 tal middle\">\n\t\t\t\t\t\t\n\t\t<div class=\"bg-overlay\">\t\t\t\t\t\t\t\t\t\t\t\t<div class=\"image\" style=\"background-image: url(https:\/\/pinakates.com\/wp-content\/uploads\/2022\/06\/BB-Ta-Xelidonakia.jpg)\"><\/div>\n\t\t\t\t\t\t\t\t\t<\/div>\t\t\t\t<div class=\"container-fluid  full-height\">\n\t\t\t\t\t<div class=\"content-row\" style=\"\">\n\t\t\t\t\t\t\t\t\t\t\t\t\t<div class=\"heading-block tal\">\n\t\t\t\t\t\t\t\t\t\t\t\t\t\t\t\t\t<div class=\"h h2\">Central Greece<\/div>\n\t\t\t\t\t\t\t\t\t\t\t\t\t\t\t<\/div>\n\t\t\t\t\t\t\t\t\t\t\t\t\t<div class=\"clear\"><\/div>\n\t\t\t\t\t\t\t<div class=\"text\">Amid the lush greenery of the mountain<br \/>\nvillage Pinakates on the Pelion peninsula...<\/div>\n\t\t\t\t\t\t\t\t\t\t\t<\/div>\n\t\t\t\t<\/div>\n\t\t\t<\/div>\n\t\t<\/div>\n\t\t\t\t<div class=\"swiper-slide\">\n\t\t\t<div class=\"banner-item banner-item-625f037782acd tal middle\">\n\t\t\t\t\t\t\n\t\t<div class=\"bg-overlay\">\t\t\t\t\t\t\t\t\t\t\t\t<div class=\"image\" style=\"background-image: url(https:\/\/pinakates.com\/wp-content\/uploads\/2022\/04\/Xelidonakia2.jpg)\"><\/div>\n\t\t\t\t\t\t\t\t\t<\/div>\t\t\t\t<div class=\"container-fluid  full-height\">\n\t\t\t\t\t<div class=\"content-row\" style=\"\">\n\t\t\t\t\t\t\t\t\t\t\t\t\t<div class=\"heading-block tal\">\n\t\t\t\t\t\t\t\t\t\t\t\t\t\t\t\t\t<div class=\"h h2\">Central Greece<\/div>\n\t\t\t\t\t\t\t\t\t\t\t\t\t\t\t<\/div>\n\t\t\t\t\t\t\t\t\t\t\t\t\t<div class=\"clear\"><\/div>\n\t\t\t\t\t\t\t<div class=\"text\">Amid the lush greenery of the mountain<br \/>\nvillage Pinakates on the Pelion peninsula...<\/div>\n\t\t\t\t\t\t\t\t\t\t\t<\/div>\n\t\t\t\t<\/div>\n\t\t\t<\/div>\n\t\t<\/div>\n\t\t\t\t<div class=\"swiper-slide\">\n\t\t\t<div class=\"banner-item banner-item-625f038b4abf1 tal middle\">\n\t\t\t\t\t\t\n\t\t<div class=\"bg-overlay\">\t\t\t\t\t\t\t\t\t\t\t\t<div class=\"image\" style=\"background-image: url(https:\/\/pinakates.com\/wp-content\/uploads\/2022\/04\/Xelidonakia-3.jpg)\"><\/div>\n\t\t\t\t\t\t\t\t\t<\/div>\t\t\t\t<div class=\"container-fluid  full-height\">\n\t\t\t\t\t<div class=\"content-row\" style=\"\">\n\t\t\t\t\t\t\t\t\t\t\t\t\t<div class=\"heading-block tal\">\n\t\t\t\t\t\t\t\t\t\t\t\t\t\t\t\t\t<div class=\"h h2\">Central Greece<\/div>\n\t\t\t\t\t\t\t\t\t\t\t\t\t\t\t<\/div>\n\t\t\t\t\t\t\t\t\t\t\t\t\t<div class=\"clear\"><\/div>\n\t\t\t\t\t\t\t<div class=\"text\">Amid the lush greenery of the mountain<br \/>\nvillage Pinakates on the Pelion peninsula...<\/div>\n\t\t\t\t\t\t\t\t\t\t\t<\/div>\n\t\t\t\t<\/div>\n\t\t\t<\/div>\n\t\t<\/div>\n\t\t\t\t\t\t<\/div>\n\t\t\t\t<div class=\"progress-line autoplay-off\"><div><\/div><\/div>\n\t\t\t<\/div>\n\t\t\t<div class=\"banner-bottom container\">\n\t\t\t\t\t\t\t\t\t\t\t\t\t\t<div class=\"right\">\n\t\t\t\t\t\t\t\t\t\t\t\t\t<div class=\"banner-navigation style1\">\n\t\t\t\t\t\t\t\t\t\t\t<div class=\"prev banner-prev base-icon-prev-2\"><\/div>\n\t\t\t\t\t\t<div class=\"next banner-next base-icon-next-2\"><\/div>\n\t\t\t\t\t\t\t\t\t\t\t<div class=\"pagination\"><\/div>\n\t\t\t\t\t\t\t\t\t<\/div>\n\t\t\t\t\t\t\t\t\t<div class=\"hotel-rating-block type-tripadvisor\">\n\t\t\t\t\t<img decoding=\"async\" src=\"https:\/\/pinakates.com\/wp-content\/plugins\/pt-holleta-addons\/assets\/imgs\/tripadvisor.svg\" alt=\"tripadvisor\">\n\t\t\t\t\t<div class=\"content\">\n\t\t\t\t\t\t<div class=\"title\">tripadvisor<\/div>\n\t\t\t\t\t\t\t\t\t\t\t\t\t<a href=\"https:\/\/www.tripadvisor.co.uk\/Hotel_Review-g3574486-d3782445-Reviews-Ta_Xelidonakia-Pinakates_Magnesia_Region_Thessaly.html\">reviews<\/a>\n\t\t\t\t\t\t\t\t\t\t\t<\/div>\n\t\t\t\t\t\t\t\t\t\t\t<div class=\"rating\">4.9<\/div>\n\t\t\t\t\t\t\t\t\t<\/div>\n\t\t\t\t\t\t\t\t<\/div>\n\t\t\t\t\t\t\t<\/div>\n\t\t\t\t\t<\/div>\n\t\t[\/vc_column][\/vc_row][vc_row full_width=&#8221;stretch_row_content_no_spaces&#8221; css=&#8221;{&#8220;mobile_portrait&#8220;: {&#8220;margin-bottom&#8220;: &#8220;0&#8220;,&#8220;border-bottom-width&#8220;: &#8220;0&#8220;,&#8220;padding-bottom&#8220;: &#8220;0&#8220;},&#8220;mobile_landscape&#8220;: {&#8220;margin-bottom&#8220;: &#8220;0&#8220;,&#8220;border-bottom-width&#8220;: &#8220;0&#8220;,&#8220;padding-bottom&#8220;: &#8220;0&#8220;}}&#8221; uniqid=&#8221;625b020c6b600&#8243;][vc_column css=&#8221;{&#8220;mobile_portrait&#8220;: {&#8220;margin-bottom&#8220;: &#8220;0&#8220;,&#8220;border-bottom-width&#8220;: &#8220;0&#8220;,&#8220;padding-bottom&#8220;: &#8220;0&#8220;},&#8220;mobile_landscape&#8220;: {&#8220;margin-bottom&#8220;: &#8220;0&#8220;,&#8220;border-bottom-width&#8220;: &#8220;0&#8220;,&#8220;padding-bottom&#8220;: &#8220;0&#8220;}}&#8221; offset=&#8221;vc_hidden-lg vc_hidden-md vc_hidden-sm&#8221; uniqid=&#8221;625afeeaea2cb&#8221;][vc_single_image image=&#8221;5728&#8243; img_size=&#8221;full&#8221; alignment=&#8221;center&#8221; style=&#8221;vc_box_border_circle&#8221; css=&#8221;.vc_custom_1650131504680{margin-bottom: 0px !important;border-bottom-width: 0px !important;padding-bottom: 0px !important;}&#8221;][\/vc_column][\/vc_row][vc_row css=&#8221;{&#8220;mobile_portrait&#8220;: {&#8220;margin-top&#8220;: &#8220;10&#8220;,&#8220;margin-bottom&#8220;: &#8220;24&#8220;}}&#8221; uniqid=&#8221;5ef3278d0c77a&#8221;][vc_column width=&#8221;1\/2&#8243;]      <div class=\"heading-block heading-5ef31f538bd1d tal h-h4\">\n                  <h4 class=\"h\">B&amp;B dans une maison<br \/>\nma\u00eetre Grecque<\/h4>\n              <\/div>\n    [vc_column_text uniqid=&#8221;5ef31f7435f12&#8243; css=&#8221;{&#8220;mobile_portrait&#8220;: {&#8220;margin-bottom&#8220;: &#8220;36&#8220;}}&#8221;]<span style=\"font-family: 'roboto-condensed'; font-size: 24px; color: #535353;\">Situ\u00e9e entre Ath\u00e8nes et Thessalonique dans la Gr\u00e8ce centrale.<\/span>[\/vc_column_text]      <div class=\"button-container button-5ef31fc6f8cb3 left\">\n        <a class=\"button-style1 accent\" href=\"\/fr\/a-propos-de-nous\/\" target=\"_self\">\n          <span>A Propos de Nous<\/span>\n                  <\/a>\n      <\/div>\n    [vc_message message_box_color=&#8221;success&#8221;]D\u00e9couvrez l&#8217;hospitalit\u00e9 ultime dans un village pittoresque entour\u00e9 de montagnes majestueuses, \u00e0 seulement 25 minutes de la plage. Notre charmant studio offre le cadre id\u00e9al pour se d\u00e9tendre et savourer chaque instant. R\u00e9servez votre s\u00e9jour de 7 jours cet \u00e9t\u00e9 pour un tarif exclusif de seulement 500 euros. Ne manquez pas cette offre incroyable ![\/vc_message][\/vc_column][vc_column width=&#8221;1\/2&#8243;]\t\t<div class=\"qoute-block qoute-block-5ef32629365aa\">\n\t\t\t<div class=\"quote\">Notre B&amp;B Ta Xelidonakia (Les Hirondelles) se situe dans une authentique maison de ma\u00eetre grecque de 1847, dans l'environnement bois\u00e9 du village de montagne Pinakates sur la p\u00e9ninsule de Pilion en centrale Gr\u00e8ce entre Thessalonique et Ath\u00e8nes.<\/p>\n<p>Une combinaison unique de mer,plages,montagnes,bois et villages traditionnels vous y attend.<\/p>\n<p>A bient\u00f4t dans notre B&amp;B.<\/div>\n\t\t\t\t\t\t\t<div class=\"bottom\">\n\t\t\t\t\t\t\t\t\t\t\t<div class=\"left\">\n\t\t\t\t\t\t\t\t\t\t\t\t\t\t\t<div class=\"name\">Maria-Louisa et Edouard<\/div>\n\t\t\t\t\t\t\t\t\t\t\t\t\t\t\t<div class=\"post\">Propri\u00e9taires<\/div>\n\t\t\t\t\t\t\t\t\t\t\t\t\t<\/div>\n\t\t\t\t\t\t\t\t\t<\/div>\n\t\t\t\t\t<\/div>\n\t\t[\/vc_column][\/vc_row][vc_row full_width=&#8221;stretch_row&#8221; pattern_overlay=&#8221;type3&#8243; uniqid=&#8221;5eecbaf1ff388&#8243; pattern_overlay_color=&#8221;#363636&#8243; background_color=&#8221;#3369a9&#8243; css=&#8221;{}&#8221;][vc_column offset=&#8221;vc_col-lg-8 vc_col-md-9&#8243; uniqid=&#8221;5eecbcc6f3f2c&#8221;]\t\t<div class=\"video-block video-block-625ee2e4cfc39 white\" style=\"\">\n\t\t\t\t\t\n\t\t\t\t\t<div class=\"container\">\n\t\t\t\t<div class=\"content\">\n\t\t\t\t\t\t\t<div class=\"heading-block \">\n\t\t\t\t\t\t\t<div class=\"h h4\">Une maison ma\u00eetre historique<\/div>\n\t\t\t\t\t<\/div>\n\t\t\t\t\t\t\t\t\t<div class=\"text\">Si vous voulez vous immerger dans la culture Grecque, alors un s\u00e9jour dans cette maison historique, situ\u00e9e dans un des plus beaux villages de P\u00e9lion est un excellent d\u00e9part.<\/p>\n<p>Le B&amp;B compte 9 chambres et un studio, et peut loger 23 h\u00f4tes.<\/div>\n\t\t\t\t\t\t\t\t\t<a class=\"button-style2\" href=\"\/fr\/chambres\/\" target=\"_self\">\n\t\t\t<span>D\u00e9couvrez les Chambres<\/span>\n\t\t\t<i class=\"base-icon-next-2\"><\/i>\n\t\t<\/a>\n\t\t\t\t\t\t<\/div>\n\t\t\t\t<div class=\"video-button-block\">\n\t\t\t\t\t<div class=\"video-button single-popup-item\" data-type=\"video\" data-size=\"1920x1080\" data-video='<div class=\"wrapper\"><div class=\"video-wrapper\"><iframe loading=\"lazy\" class=\"pswp__video\" width=\"1920\" height=\"1080\" src=\"https:\/\/youtube.com\/embed\/xiUk87NpzWo\" frameborder=\"0\" allowfullscreen=\"\"><\/iframe><\/div><\/div>'>\n\t\t\t\t\t\t<span class=\"icon\">\n\t\t\t\t\t\t\t<i class=\"base-icon-play-button\"><\/i>\n\t\t\t\t\t\t<\/span>\n\t\t\t\t\t\t\t\t\t\t\t\t\t<span>Vid\u00e9o<\/span>\n\t\t\t\t\t\t\t\t\t\t\t<\/div>\n\t\t\t\t<\/div>\n\t\t\t<\/div>\n\t\t<\/div>\n\t\t[\/vc_column][\/vc_row][vc_row equal_height=&#8221;yes&#8221; uniqid=&#8221;5ef07c0b7d8d2&#8243; css=&#8221;{}&#8221;][vc_column offset=&#8221;vc_col-md-9&#8243; uniqid=&#8221;5eecbe426121f&#8221;]      <div class=\"icon-box-block icon-box-block-5eecbef1fe64d\">\n                  <div class=\"row\">\n                <div class=\" col-12 col-sm-6 col-md-4\">\n      <div class=\"icon-box icon-box-style-5eecbf09137ec\">\n        <div class=\"icon hotel-icon-breakfast\"><\/div>\n        <div class=\"wrap\">\n                      <h6 class=\"title\">Petit D\u00e9jeuner<\/h6>\n                      <div class=\"desc\">Nous offrons \u00e0 nos h\u00f4tes chaque jour un buffet avec une large gamme de produits chauds et froids et des boissons.<\/div>\n                  <\/div>\n      <\/div>\n    <\/div>\n        <div class=\" col-12 col-sm-6 col-md-4\">\n      <div class=\"icon-box icon-box-style-5eecbf2734f13\">\n        <div class=\"icon hotel-icon-swimming-pool2\"><\/div>\n        <div class=\"wrap\">\n                      <h6 class=\"title\">Piscine<\/h6>\n                      <div class=\"desc\">La piscine vous attend. Si vous voulez des snacks dites-le nous.<\/div>\n                  <\/div>\n      <\/div>\n    <\/div>\n        <div class=\" col-12 col-sm-6 col-md-4\">\n      <div class=\"icon-box icon-box-style-5eecbf5a8c15c\">\n        <div class=\"icon hotel-icon-bathtub1\"><\/div>\n        <div class=\"wrap\">\n                      <h6 class=\"title\">Chambres<\/h6>\n                      <div class=\"desc\">Toutes les chambres ont une salle de bain \u00e0 c\u00f4t\u00e9, avec une douche, tous les produits de toilette et serviettes de bain. Si vous voulez aller \u00e0 la plage on vous donne aussi des serviettes.<\/div>\n                  <\/div>\n      <\/div>\n    <\/div>\n              <\/div>\n              <\/div>\n    [\/vc_column][vc_column width=&#8221;1\/4&#8243; uniqid=&#8221;5ef03f432799d&#8221;]      <div class=\"side-img-block side-img-block-5ef03fa792fe2 to-right\">\n        <div style=\"background-image: url(https:\/\/pinakates.com\/wp-content\/uploads\/2022\/04\/Xelidonakia.jpg);\"><\/div>\n      <\/div>\n    [\/vc_column][\/vc_row][vc_row css=&#8221;{}&#8221;][vc_column css=&#8221;{}&#8221; uniqid=&#8221;6260060eb2945&#8243; offset=&#8221;vc_hidden-lg vc_hidden-md vc_col-xs-offset-1&#8243;][vc_empty_space height=&#8221;55px&#8221;][\/vc_column][\/vc_row][vc_row css=&#8221;{}&#8221; uniqid=&#8221;625eedd7a95a3&#8243;][vc_column]      <div class=\"heading-block heading-5ef07ddbb10d8 tal h-h4\">\n                  <h4 class=\"h\">Le Village de Pinakates<\/h4>\n              <\/div>\n        <div class=\"side-image-with-content side-image-with-content-625eec1b28dbe right style2\">\n              <div class=\"image\">\n          <div style=\"background-image: url(https:\/\/pinakates.com\/wp-content\/uploads\/2022\/04\/Pinakates.jpg);\"><\/div>\n        <\/div>\n            <div class=\"content\">[vc_column_text css=&#8221;{}&#8221; uniqid=&#8221;625eec3ce3334&#8243;]Pinakates est consid\u00e9r\u00e9 comme le plus authentique des 24 villages de Pilion et pour cette raison le village a \u00e9t\u00e9 prot\u00e9g\u00e9. L&#8217;isolation venait du fait qu&#8217;il n&#8217;y avait q&#8217;une route asphalt\u00e9e qui en plus devenait un cul de sac dans le centre du village. Sur les autres petits sentiers on pouvait seulement se d\u00e9placer \u00e0 pied ou \u00e0 bardot.<\/p>\n<p>L&#8217;\u00e9lectricit\u00e9 venait en 1973 et la premi\u00e8re liaison par autobus avec Volos quelques ann\u00e9es plus tard. On y trouve un nombre exceptionel de maisons historiques d\u00e9j\u00e0 restaur\u00e9es ou encore en ruine.<\/p>\n<p>Avec ses cent habitants le village est un oase de silence et de paix.[\/vc_column_text]      <div class=\"button-container button-625efdf73fb6d left\">\n        <a class=\"button-style1 accent\" href=\"\/fr\/activites\/pinakates\/\" target=\"_self\">\n          <span>Galerie de Photos de Pinakates<\/span>\n                  <\/a>\n      <\/div>\n    <\/div>\n          <\/div>\n    [\/vc_column][\/vc_row][vc_row css=&#8221;{}&#8221;][vc_column uniqid=&#8221;626006b73f6b0&#8243; css=&#8221;{}&#8221;][vc_empty_space height=&#8221;75px&#8221;][\/vc_column][\/vc_row][vc_row css=&#8221;{}&#8221;][vc_column css=&#8221;{}&#8221; uniqid=&#8221;625ef2778c864&#8243;]    <div class=\"side-image-with-content side-image-with-content-69dd5e7687838 left style1\">\n              <div class=\"image\">\n          <div style=\"background-image: url(https:\/\/pinakates.com\/wp-content\/uploads\/2022\/04\/Xelidonakia-2.jpg);\"><\/div>\n        <\/div>\n            <div class=\"content\">      <div class=\"heading-block heading-625efe564ce4c tal h-h4\">\n                  <h4 class=\"h\">Plein de Choses \u00e0 Faire... et \u00e0 Decouvrir<\/h4>\n              <\/div>\n    [vc_column_text css=&#8221;{}&#8221; uniqid=&#8221;625efee690e40&#8243;]Il y a une vari\u00e9t\u00e9 d&#8217;activit\u00e9s sur la p\u00e9ninsule et vous pouvez visiter des sites comme Meteora dans une excursion d\u2019une journ\u00e9e.[\/vc_column_text]      <div class=\"button-container button-625f0025d0d89 left\">\n        <a class=\"button-style1 accent\" href=\"\/fr\/activites\/\" target=\"_self\">\n          <span>Liste d'Activit\u00e9s et d'Excursions<\/span>\n                  <\/a>\n      <\/div>\n    <\/div>\n          <\/div>\n    [\/vc_column][\/vc_row][vc_row css=&#8221;{}&#8221;][vc_column][vc_empty_space height=&#8221;75px&#8221;][\/vc_column][\/vc_row]<\/p>\n","protected":false},"excerpt":{"rendered":"<p>[vc_row full_width=&#8221;stretch_row_content_no_spaces&#8221; uniqid=&#8221;5ef99174fcdfd&#8221; css=&#8221;{&#8220;mobile_portrait&#8220;: {&#8220;padding-top&#8220;: &#8220;15&#8220;}}&#8221;][vc_column css=&#8221;{}&#8221; offset=&#8221;vc_hidden-xs&#8221; uniqid=&#8221;625afea97ac83&#8243;][\/vc_column][\/vc_row][vc_row full_width=&#8221;stretch_row_content_no_spaces&#8221; css=&#8221;{&#8220;mobile_portrait&#8220;: {&#8220;margin-bottom&#8220;: &#8220;0&#8220;,&#8220;border-bottom-width&#8220;: &#8220;0&#8220;,&#8220;padding-bottom&#8220;: &#8220;0&#8220;},&#8220;mobile_landscape&#8220;: {&#8220;margin-bottom&#8220;: &#8220;0&#8220;,&#8220;border-bottom-width&#8220;: &#8220;0&#8220;,&#8220;padding-bottom&#8220;: &#8220;0&#8220;}}&#8221; uniqid=&#8221;625b020c6b600&#8243;][vc_column css=&#8221;{&#8220;mobile_portrait&#8220;: {&#8220;margin-bottom&#8220;: &#8220;0&#8220;,&#8220;border-bottom-width&#8220;: &#8220;0&#8220;,&#8220;padding-bottom&#8220;: &#8220;0&#8220;},&#8220;mobile_landscape&#8220;: {&#8220;margin-bottom&#8220;: &#8220;0&#8220;,&#8220;border-bottom-width&#8220;: &#8220;0&#8220;,&#8220;padding-bottom&#8220;: &#8220;0&#8220;}}&#8221; offset=&#8221;vc_hidden-lg vc_hidden-md vc_hidden-sm&#8221; uniqid=&#8221;625afeeaea2cb&#8221;][vc_single_image image=&#8221;5728&#8243; img_size=&#8221;full&#8221; alignment=&#8221;center&#8221; style=&#8221;vc_box_border_circle&#8221; css=&#8221;.vc_custom_1650131504680{margin-bottom: 0px !important;border-bottom-width: 0px !important;padding-bottom: 0px !important;}&#8221;][\/vc_column][\/vc_row][vc_row css=&#8221;{&#8220;mobile_portrait&#8220;: {&#8220;margin-top&#8220;: &#8220;10&#8220;,&#8220;margin-bottom&#8220;: &#8220;24&#8220;}}&#8221; uniqid=&#8221;5ef3278d0c77a&#8221;][vc_column width=&#8221;1\/2&#8243;][vc_column_text uniqid=&#8221;5ef31f7435f12&#8243; css=&#8221;{&#8220;mobile_portrait&#8220;: {&#8220;margin-bottom&#8220;: &#8220;36&#8220;}}&#8221;]Situ\u00e9e entre [&hellip;]<\/p>\n","protected":false},"author":1,"featured_media":0,"parent":0,"menu_order":0,"comment_status":"closed","ping_status":"closed","template":"template-landing.php","meta":{"_acf_changed":false,"_monsterinsights_skip_tracking":false,"_monsterinsights_sitenote_active":false,"_monsterinsights_sitenote_note":"","_monsterinsights_sitenote_category":0,"footnotes":""},"class_list":["post-6168","page","type-page","status-publish","hentry"],"acf":[],"yoast_head":"<!-- This site is optimized with the Yoast SEO plugin v27.3 - https:\/\/yoast.com\/product\/yoast-seo-wordpress\/ -->\n<title>Home - B&amp;B Ta Xelidonakia<\/title>\n<meta name=\"description\" content=\"B&amp;B Ta Xelidonakia (Les Hirondelles) se trouve dans une maison ma\u00eetre Grecque et est situ\u00e9e entre Ath\u00e8nes et Thessalonique en Gr\u00e8ce centrale.\" \/>\n<meta name=\"robots\" content=\"index, follow, max-snippet:-1, max-image-preview:large, max-video-preview:-1\" \/>\n<link rel=\"canonical\" href=\"https:\/\/pinakates.com\/fr\/\" \/>\n<meta property=\"og:locale\" content=\"fr_FR\" \/>\n<meta property=\"og:type\" content=\"article\" \/>\n<meta property=\"og:title\" content=\"Home - B&amp;B Ta Xelidonakia\" \/>\n<meta property=\"og:description\" content=\"B&amp;B Ta Xelidonakia (Les Hirondelles) se trouve dans une maison ma\u00eetre Grecque et est situ\u00e9e entre Ath\u00e8nes et Thessalonique en Gr\u00e8ce centrale.\" \/>\n<meta property=\"og:url\" content=\"https:\/\/pinakates.com\/fr\/\" \/>\n<meta property=\"og:site_name\" content=\"B&amp;B Ta Xelidonakia\" \/>\n<meta property=\"article:publisher\" content=\"https:\/\/www.facebook.com\/Bed-breakfast-Ta-Xelidonakia-157438244331982\" \/>\n<meta property=\"article:modified_time\" content=\"2024-07-15T12:16:13+00:00\" \/>\n<meta name=\"twitter:card\" content=\"summary_large_image\" \/>\n<meta name=\"twitter:label1\" content=\"Dur\u00e9e de lecture estim\u00e9e\" \/>\n\t<meta name=\"twitter:data1\" content=\"4 minutes\" \/>\n<script type=\"application\/ld+json\" class=\"yoast-schema-graph\">{\"@context\":\"https:\\\/\\\/schema.org\",\"@graph\":[{\"@type\":\"WebPage\",\"@id\":\"https:\\\/\\\/pinakates.com\\\/fr\\\/\",\"url\":\"https:\\\/\\\/pinakates.com\\\/fr\\\/\",\"name\":\"Home - B&amp;B Ta Xelidonakia\",\"isPartOf\":{\"@id\":\"https:\\\/\\\/pinakates.com\\\/#website\"},\"datePublished\":\"2020-06-16T10:41:24+00:00\",\"dateModified\":\"2024-07-15T12:16:13+00:00\",\"description\":\"B&B Ta Xelidonakia (Les Hirondelles) se trouve dans une maison ma\u00eetre Grecque et est situ\u00e9e entre Ath\u00e8nes et Thessalonique en Gr\u00e8ce centrale.\",\"breadcrumb\":{\"@id\":\"https:\\\/\\\/pinakates.com\\\/fr\\\/#breadcrumb\"},\"inLanguage\":\"fr-FR\",\"potentialAction\":[{\"@type\":\"ReadAction\",\"target\":[\"https:\\\/\\\/pinakates.com\\\/fr\\\/\"]}]},{\"@type\":\"BreadcrumbList\",\"@id\":\"https:\\\/\\\/pinakates.com\\\/fr\\\/#breadcrumb\",\"itemListElement\":[{\"@type\":\"ListItem\",\"position\":1,\"name\":\"Home\",\"item\":\"https:\\\/\\\/pinakates.com\\\/fr\\\/\"},{\"@type\":\"ListItem\",\"position\":2,\"name\":\"Home\"}]},{\"@type\":\"WebSite\",\"@id\":\"https:\\\/\\\/pinakates.com\\\/#website\",\"url\":\"https:\\\/\\\/pinakates.com\\\/\",\"name\":\"B&amp;B Ta Xelidonakia\",\"description\":\"Located in Pinakates (Central Greece)\",\"publisher\":{\"@id\":\"https:\\\/\\\/pinakates.com\\\/#organization\"},\"potentialAction\":[{\"@type\":\"SearchAction\",\"target\":{\"@type\":\"EntryPoint\",\"urlTemplate\":\"https:\\\/\\\/pinakates.com\\\/?s={search_term_string}\"},\"query-input\":{\"@type\":\"PropertyValueSpecification\",\"valueRequired\":true,\"valueName\":\"search_term_string\"}}],\"inLanguage\":\"fr-FR\"},{\"@type\":\"Organization\",\"@id\":\"https:\\\/\\\/pinakates.com\\\/#organization\",\"name\":\"B&B Ta Xelidonakia\",\"url\":\"https:\\\/\\\/pinakates.com\\\/\",\"logo\":{\"@type\":\"ImageObject\",\"inLanguage\":\"fr-FR\",\"@id\":\"https:\\\/\\\/pinakates.com\\\/#\\\/schema\\\/logo\\\/image\\\/\",\"url\":\"https:\\\/\\\/pinakates.com\\\/wp-content\\\/uploads\\\/2022\\\/04\\\/Logo-met-Tekst-Xelidonakia-1.png\",\"contentUrl\":\"https:\\\/\\\/pinakates.com\\\/wp-content\\\/uploads\\\/2022\\\/04\\\/Logo-met-Tekst-Xelidonakia-1.png\",\"width\":500,\"height\":100,\"caption\":\"B&B Ta Xelidonakia\"},\"image\":{\"@id\":\"https:\\\/\\\/pinakates.com\\\/#\\\/schema\\\/logo\\\/image\\\/\"},\"sameAs\":[\"https:\\\/\\\/www.facebook.com\\\/Bed-breakfast-Ta-Xelidonakia-157438244331982\"]}]}<\/script>\n<!-- \/ Yoast SEO plugin. -->","yoast_head_json":{"title":"Home - B&amp;B Ta Xelidonakia","description":"B&B Ta Xelidonakia (Les Hirondelles) se trouve dans une maison ma\u00eetre Grecque et est situ\u00e9e entre Ath\u00e8nes et Thessalonique en Gr\u00e8ce centrale.","robots":{"index":"index","follow":"follow","max-snippet":"max-snippet:-1","max-image-preview":"max-image-preview:large","max-video-preview":"max-video-preview:-1"},"canonical":"https:\/\/pinakates.com\/fr\/","og_locale":"fr_FR","og_type":"article","og_title":"Home - B&amp;B Ta Xelidonakia","og_description":"B&B Ta Xelidonakia (Les Hirondelles) se trouve dans une maison ma\u00eetre Grecque et est situ\u00e9e entre Ath\u00e8nes et Thessalonique en Gr\u00e8ce centrale.","og_url":"https:\/\/pinakates.com\/fr\/","og_site_name":"B&amp;B Ta Xelidonakia","article_publisher":"https:\/\/www.facebook.com\/Bed-breakfast-Ta-Xelidonakia-157438244331982","article_modified_time":"2024-07-15T12:16:13+00:00","twitter_card":"summary_large_image","twitter_misc":{"Dur\u00e9e de lecture estim\u00e9e":"4 minutes"},"schema":{"@context":"https:\/\/schema.org","@graph":[{"@type":"WebPage","@id":"https:\/\/pinakates.com\/fr\/","url":"https:\/\/pinakates.com\/fr\/","name":"Home - B&amp;B Ta Xelidonakia","isPartOf":{"@id":"https:\/\/pinakates.com\/#website"},"datePublished":"2020-06-16T10:41:24+00:00","dateModified":"2024-07-15T12:16:13+00:00","description":"B&B Ta Xelidonakia (Les Hirondelles) se trouve dans une maison ma\u00eetre Grecque et est situ\u00e9e entre Ath\u00e8nes et Thessalonique en Gr\u00e8ce centrale.","breadcrumb":{"@id":"https:\/\/pinakates.com\/fr\/#breadcrumb"},"inLanguage":"fr-FR","potentialAction":[{"@type":"ReadAction","target":["https:\/\/pinakates.com\/fr\/"]}]},{"@type":"BreadcrumbList","@id":"https:\/\/pinakates.com\/fr\/#breadcrumb","itemListElement":[{"@type":"ListItem","position":1,"name":"Home","item":"https:\/\/pinakates.com\/fr\/"},{"@type":"ListItem","position":2,"name":"Home"}]},{"@type":"WebSite","@id":"https:\/\/pinakates.com\/#website","url":"https:\/\/pinakates.com\/","name":"B&amp;B Ta Xelidonakia","description":"Located in Pinakates (Central Greece)","publisher":{"@id":"https:\/\/pinakates.com\/#organization"},"potentialAction":[{"@type":"SearchAction","target":{"@type":"EntryPoint","urlTemplate":"https:\/\/pinakates.com\/?s={search_term_string}"},"query-input":{"@type":"PropertyValueSpecification","valueRequired":true,"valueName":"search_term_string"}}],"inLanguage":"fr-FR"},{"@type":"Organization","@id":"https:\/\/pinakates.com\/#organization","name":"B&B Ta Xelidonakia","url":"https:\/\/pinakates.com\/","logo":{"@type":"ImageObject","inLanguage":"fr-FR","@id":"https:\/\/pinakates.com\/#\/schema\/logo\/image\/","url":"https:\/\/pinakates.com\/wp-content\/uploads\/2022\/04\/Logo-met-Tekst-Xelidonakia-1.png","contentUrl":"https:\/\/pinakates.com\/wp-content\/uploads\/2022\/04\/Logo-met-Tekst-Xelidonakia-1.png","width":500,"height":100,"caption":"B&B Ta Xelidonakia"},"image":{"@id":"https:\/\/pinakates.com\/#\/schema\/logo\/image\/"},"sameAs":["https:\/\/www.facebook.com\/Bed-breakfast-Ta-Xelidonakia-157438244331982"]}]}},"_links":{"self":[{"href":"https:\/\/pinakates.com\/fr\/wp-json\/wp\/v2\/pages\/6168","targetHints":{"allow":["GET"]}}],"collection":[{"href":"https:\/\/pinakates.com\/fr\/wp-json\/wp\/v2\/pages"}],"about":[{"href":"https:\/\/pinakates.com\/fr\/wp-json\/wp\/v2\/types\/page"}],"author":[{"embeddable":true,"href":"https:\/\/pinakates.com\/fr\/wp-json\/wp\/v2\/users\/1"}],"replies":[{"embeddable":true,"href":"https:\/\/pinakates.com\/fr\/wp-json\/wp\/v2\/comments?post=6168"}],"version-history":[{"count":15,"href":"https:\/\/pinakates.com\/fr\/wp-json\/wp\/v2\/pages\/6168\/revisions"}],"predecessor-version":[{"id":7143,"href":"https:\/\/pinakates.com\/fr\/wp-json\/wp\/v2\/pages\/6168\/revisions\/7143"}],"wp:attachment":[{"href":"https:\/\/pinakates.com\/fr\/wp-json\/wp\/v2\/media?parent=6168"}],"curies":[{"name":"wp","href":"https:\/\/api.w.org\/{rel}","templated":true}]}}