{"id":6894,"date":"2020-07-01T12:38:22","date_gmt":"2020-07-01T09:38:22","guid":{"rendered":"https:\/\/pinakates.com\/activities\/"},"modified":"2022-07-10T18:00:44","modified_gmt":"2022-07-10T15:00:44","slug":"aktivitaten","status":"publish","type":"page","link":"https:\/\/pinakates.com\/de\/aktivitaten\/","title":{"rendered":"Aktivit\u00e4ten &#038; Ausfl\u00fcge"},"content":{"rendered":"<p>[vc_row css=&#8221;{&#8220;mobile_portrait&#8220;: {&#8220;padding-top&#8220;: &#8220;15&#8220;,&#8220;padding-bottom&#8220;: &#8220;15&#8220;}}&#8221; uniqid=&#8221;5efc62787e106&#8243;][vc_column]      <div class=\"heading-block heading-5efc62b0bc070 tal h-h1\">\n                  <h1 class=\"h\">Aktivit\u00e4ten &amp; Ausfl\u00fcge<\/h1>\n              <\/div>\n    [\/vc_column][\/vc_row][vc_row css=&#8221;{&#8220;mobile_portrait&#8220;: {&#8220;padding-top&#8220;: &#8220;14&#8220;}}&#8221; uniqid=&#8221;5efc87428dd88&#8243;][vc_column]      <div class=\"heading-block heading-5ef07ddbb10d8 tal h-h4\">\n                  <h4 class=\"h\">Aktivit\u00e4ten<\/h4>\n              <\/div>\n        <div class=\"tabs-block tabs-block-5ef0b4c6aaa49 \">\n      <div class=\"tab-nav\">\n        <div class=\"prev base-icon-prev\"><\/div>\n        <div class=\"next base-icon-next\"><\/div>\n        <div class=\"swiper-container\">\n          <div class=\"swiper-wrapper\">\n                          <div class=\"swiper-slide\">Der Strand<\/div>\n                          <div class=\"swiper-slide\">Das Meer<\/div>\n                          <div class=\"swiper-slide\">Radfahren<\/div>\n                          <div class=\"swiper-slide\">Reiten<\/div>\n                          <div class=\"swiper-slide\">Die Alte Eisenbahn<\/div>\n                          <div class=\"swiper-slide\">Spazieren<\/div>\n                      <\/div>\n        <\/div>\n      <\/div>\n      <div class=\"tab-content swiper-container\">\n        <div class=\"swiper-wrapper\">      <div class=\"swiper-slide with-image\">\n                  <div class=\"image\" style=\"background-image: url(https:\/\/pinakates.com\/wp-content\/uploads\/2022\/04\/beach-main.jpg);\"><\/div>\n          <div class=\"content\">[vc_column_text el_class=&#8221;text-t1&#8243; uniqid=&#8221;5ef0811293606&#8243; css=&#8221;{}&#8221;]Die Str\u00e4nde sind wundersch\u00f6n. Alleine, mit Deiner Geliebten oder mit die Familie, genie\u00dfen die Zeit am Meer.[\/vc_column_text]      <div class=\"button-container button-5ef090fb2951b left\">\n        <a class=\"button-style1\" href=\"\/de\/aktivitaten\/strand\/\" target=\"_self\">\n          <span>Galerie mit Fotos<\/span>\n                  <\/a>\n      <\/div>\n    [vc_empty_space height=&#8221;225px&#8221; el_class=&#8221;hidemobile&#8221;]<\/div>\n                \n      <\/div>\n          <div class=\"swiper-slide with-image\">\n                  <div class=\"image\" style=\"background-image: url(https:\/\/pinakates.com\/wp-content\/uploads\/2022\/04\/main-sea-1.jpg);\"><\/div>\n          <div class=\"content\">[vc_column_text el_class=&#8221;text-t1&#8243; css=&#8221;{}&#8221; uniqid=&#8221;626533d155866&#8243;]\u00dcberall gibt es viele M\u00f6glichkeiten f\u00fcr Kajak, Surfing, Supping. Sie k\u00f6nnen mal einen Trip mit einem Boot machen oder selber ein kleines Boot mieten.[\/vc_column_text]      <div class=\"button-container button-626533dd298b4 left\">\n        <a class=\"button-style1\" href=\"\/de\/aktivitaten\/meer\/\" target=\"_self\">\n          <span>Galerie mit Fotos<\/span>\n                  <\/a>\n      <\/div>\n    [vc_empty_space height=&#8221;225px&#8221; el_class=&#8221;hidemobile&#8221;]<\/div>\n                \n      <\/div>\n          <div class=\"swiper-slide with-image\">\n                  <div class=\"image\" style=\"background-image: url(https:\/\/pinakates.com\/wp-content\/uploads\/2022\/04\/main-cycling.jpg);\"><\/div>\n          <div class=\"content\">[vc_column_text el_class=&#8221;text-t1&#8243; css=&#8221;{}&#8221; uniqid=&#8221;6265351da848b&#8221;]Pilion ist ein Paradies f\u00fcr Radfahrer, sowohl f\u00fcr Fortgeschrittene als auch f\u00fcr Unerfahrenene.[\/vc_column_text]      <div class=\"button-container button-626534e820eb0 left\">\n        <a class=\"button-style1\" href=\"\/de\/aktivitaten\/radfahren\/\" target=\"_self\">\n          <span>Galerie mit Fotos<\/span>\n                  <\/a>\n      <\/div>\n    [vc_empty_space height=&#8221;225px&#8221; el_class=&#8221;hidemobile&#8221;]<\/div>\n                \n      <\/div>\n          <div class=\"swiper-slide with-image\">\n                  <div class=\"image\" style=\"background-image: url(https:\/\/pinakates.com\/wp-content\/uploads\/2022\/04\/horse-main.jpg);\"><\/div>\n          <div class=\"content\">[vc_column_text el_class=&#8221;text-t1&#8243; css=&#8221;{}&#8221; uniqid=&#8221;626535c11233c&#8221;]Entdecken Sie unsere Gegend etwas anders auf einem Pferd. Auch unerfahrene Reiter k\u00f6nnen hier teilnehmen.[\/vc_column_text]      <div class=\"button-container button-626535d56842b left\">\n        <a class=\"button-style1\" href=\"\/de\/aktivitaten\/reiten\/\" target=\"_self\">\n          <span>Galerie mit Fotos<\/span>\n                  <\/a>\n      <\/div>\n    [vc_empty_space height=&#8221;225px&#8221; el_class=&#8221;hidemobile&#8221;]<\/div>\n                \n      <\/div>\n          <div class=\"swiper-slide with-image\">\n                  <div class=\"image\" style=\"background-image: url(https:\/\/pinakates.com\/wp-content\/uploads\/2022\/04\/main-train.jpg);\"><\/div>\n          <div class=\"content\">[vc_column_text el_class=&#8221;text-t1&#8243; css=&#8221;{}&#8221; uniqid=&#8221;62653709587b4&#8243;]Die spezielle Geschichte vom alten Oldtimerzug zusammen mit den Legenden von Pilion sind eine wunderbare Tour durch die Region.[\/vc_column_text]      <div class=\"button-container button-6265373b81b0b left\">\n        <a class=\"button-style1\" href=\"\/de\/aktivitaten\/eisenbah\/\" target=\"_self\">\n          <span>Galerie mit Fotos<\/span>\n                  <\/a>\n      <\/div>\n    [vc_empty_space height=&#8221;225px&#8221; el_class=&#8221;hidemobile&#8221;]<\/div>\n                \n      <\/div>\n          <div class=\"swiper-slide with-image\">\n                  <div class=\"image\" style=\"background-image: url(https:\/\/pinakates.com\/wp-content\/uploads\/2022\/04\/main-walking.jpg);\"><\/div>\n          <div class=\"content\">[vc_column_text el_class=&#8221;text-t1&#8243; css=&#8221;{}&#8221; uniqid=&#8221;626537bdb20f2&#8243;]\u00dcberall gibt es Wanderwege durch die Natur und die D\u00f6rfer.[\/vc_column_text]      <div class=\"button-container button-626537c496436 left\">\n        <a class=\"button-style1\" href=\"\/de\/aktivitaten\/spazieren\/\" target=\"_self\">\n          <span>Galerie mit Fotos<\/span>\n                  <\/a>\n      <\/div>\n    [vc_empty_space height=&#8221;225px&#8221; el_class=&#8221;hidemobile&#8221;]<\/div>\n                \n      <\/div>\n    <\/div>\n      <\/div>\n    <\/div>\n    [\/vc_column][\/vc_row][vc_row css=&#8221;{&#8220;mobile_portrait&#8220;: {&#8220;padding-top&#8220;: &#8220;14&#8220;}}&#8221;][vc_column]      <div class=\"heading-block heading-626530b3ac2bd tal h-h4\">\n                  <h4 class=\"h\">Ausfl\u00fcge<\/h4>\n              <\/div>\n        <div class=\"tabs-block tabs-block-69d57678757ed \">\n      <div class=\"tab-nav\">\n        <div class=\"prev base-icon-prev\"><\/div>\n        <div class=\"next base-icon-next\"><\/div>\n        <div class=\"swiper-container\">\n          <div class=\"swiper-wrapper\">\n                          <div class=\"swiper-slide\">Pinakates<\/div>\n                          <div class=\"swiper-slide\">Pilion<\/div>\n                          <div class=\"swiper-slide\">Delphi<\/div>\n                          <div class=\"swiper-slide\">Meteora<\/div>\n                      <\/div>\n        <\/div>\n      <\/div>\n      <div class=\"tab-content swiper-container\">\n        <div class=\"swiper-wrapper\">      <div class=\"swiper-slide with-image\">\n                  <div class=\"image\" style=\"background-image: url(https:\/\/pinakates.com\/wp-content\/uploads\/2022\/04\/main-pinakates.jpg);\"><\/div>\n          <div class=\"content\">[vc_column_text el_class=&#8221;text-t1&#8243; css=&#8221;{}&#8221; uniqid=&#8221;6268060d2ab6d&#8221;]Pinakates ist ein sehr authentisches Dorf in Pilion und steht darum auch komplett unter Denkmalschutz.[\/vc_column_text]      <div class=\"button-container button-6268061604064 left\">\n        <a class=\"button-style1\" href=\"\/de\/aktivitaten\/pinakates\/\" target=\"_self\">\n          <span>Galerie mit Fotos<\/span>\n                  <\/a>\n      <\/div>\n    [vc_empty_space height=&#8221;225px&#8221; el_class=&#8221;hidemobile&#8221;]<\/div>\n                \n      <\/div>\n          <div class=\"swiper-slide with-image\">\n                  <div class=\"image\" style=\"background-image: url(https:\/\/pinakates.com\/wp-content\/uploads\/2022\/04\/main-pilion.jpg);\"><\/div>\n          <div class=\"content\">[vc_column_text el_class=&#8221;text-t1&#8243; css=&#8221;{}&#8221; uniqid=&#8221;626808baa8f0a&#8221;]Pilion ist ein Gebirge im S\u00fcden von Thessalia und ist eine Halbinsel zwischen dem Pagasitikos Golf und dem \u00c4g\u00e4ischen Meer.[\/vc_column_text]      <div class=\"button-container button-626808e0b62b8 left\">\n        <a class=\"button-style1\" href=\"\/de\/aktivitaten\/pelion\/\" target=\"_self\">\n          <span>Galerie mit Fotos<\/span>\n                  <\/a>\n      <\/div>\n    [vc_empty_space height=&#8221;225px&#8221; el_class=&#8221;hidemobile&#8221;]<\/div>\n                \n      <\/div>\n          <div class=\"swiper-slide with-image\">\n                  <div class=\"image\" style=\"background-image: url(https:\/\/pinakates.com\/wp-content\/uploads\/2022\/04\/main-delphi.jpg);\"><\/div>\n          <div class=\"content\">[vc_column_text el_class=&#8221;text-t1&#8243; css=&#8221;{}&#8221; uniqid=&#8221;62680b1a69371&#8243;]Das moderne Delphi befindet sich neben die arch\u00e4ologisches Fundstelle.[\/vc_column_text]      <div class=\"button-container button-62680b246d2b5 left\">\n        <a class=\"button-style1\" href=\"\/de\/aktivitaten\/delphi\/\" target=\"_self\">\n          <span>Galerie mit Fotos<\/span>\n                  <\/a>\n      <\/div>\n    [vc_empty_space height=&#8221;225px&#8221; el_class=&#8221;hidemobile&#8221;]<\/div>\n                \n      <\/div>\n          <div class=\"swiper-slide with-image\">\n                  <div class=\"image\" style=\"background-image: url(https:\/\/pinakates.com\/wp-content\/uploads\/2022\/04\/main-meteora.jpg);\"><\/div>\n          <div class=\"content\">[vc_column_text el_class=&#8221;text-t1&#8243; css=&#8221;{}&#8221; uniqid=&#8221;62680df4c2a33&#8243;]In Meteora befinden sich die Kl\u00f6ster oben auf sehr steilen Felsen. Jahrhunderte von Wind und Wasser gaben den Felsen ihre spezielle Erscheinung.[\/vc_column_text]      <div class=\"button-container button-62680dfe90f85 left\">\n        <a class=\"button-style1\" href=\"\/de\/aktivitaten\/meteora\/\" target=\"_self\">\n          <span>Galerie mit Fotos<\/span>\n                  <\/a>\n      <\/div>\n    [vc_empty_space height=&#8221;225px&#8221; el_class=&#8221;hidemobile&#8221;]<\/div>\n                \n      <\/div>\n    <\/div>\n      <\/div>\n    <\/div>\n    [\/vc_column][\/vc_row]<\/p>\n","protected":false},"excerpt":{"rendered":"<p>[vc_row css=&#8221;{&#8220;mobile_portrait&#8220;: {&#8220;padding-top&#8220;: &#8220;15&#8220;,&#8220;padding-bottom&#8220;: &#8220;15&#8220;}}&#8221; uniqid=&#8221;5efc62787e106&#8243;][vc_column][\/vc_column][\/vc_row][vc_row css=&#8221;{&#8220;mobile_portrait&#8220;: {&#8220;padding-top&#8220;: &#8220;14&#8220;}}&#8221; uniqid=&#8221;5efc87428dd88&#8243;][vc_column][\/vc_column][\/vc_row][vc_row css=&#8221;{&#8220;mobile_portrait&#8220;: {&#8220;padding-top&#8220;: &#8220;14&#8220;}}&#8221;][vc_column][\/vc_column][\/vc_row]<\/p>\n","protected":false},"author":1,"featured_media":0,"parent":0,"menu_order":0,"comment_status":"closed","ping_status":"closed","template":"template-landing.php","meta":{"_acf_changed":false,"_monsterinsights_skip_tracking":false,"_monsterinsights_sitenote_active":false,"_monsterinsights_sitenote_note":"","_monsterinsights_sitenote_category":0,"footnotes":""},"class_list":["post-6894","page","type-page","status-publish","hentry"],"acf":[],"yoast_head":"<!-- This site is optimized with the Yoast SEO plugin v27.1.1 - https:\/\/yoast.com\/product\/yoast-seo-wordpress\/ -->\n<title>Aktivit\u00e4ten &amp; Ausfl\u00fcge - B&amp;B Ta Xelidonakia<\/title>\n<meta name=\"description\" content=\"Es gibt vielf\u00e4ltige Freizeitangebote in unserer Region und Orte wie Meteora sind es Wert einen Tagesausflug zu machen.\" \/>\n<meta name=\"robots\" content=\"index, follow, max-snippet:-1, max-image-preview:large, max-video-preview:-1\" \/>\n<link rel=\"canonical\" href=\"https:\/\/pinakates.com\/de\/aktivitaten\/\" \/>\n<meta property=\"og:locale\" content=\"de_DE\" \/>\n<meta property=\"og:type\" content=\"article\" \/>\n<meta property=\"og:title\" content=\"Aktivit\u00e4ten &amp; Ausfl\u00fcge - B&amp;B Ta Xelidonakia\" \/>\n<meta property=\"og:description\" content=\"Es gibt vielf\u00e4ltige Freizeitangebote in unserer Region und Orte wie Meteora sind es Wert einen Tagesausflug zu machen.\" \/>\n<meta property=\"og:url\" content=\"https:\/\/pinakates.com\/de\/aktivitaten\/\" \/>\n<meta property=\"og:site_name\" content=\"B&amp;B Ta Xelidonakia\" \/>\n<meta property=\"article:publisher\" content=\"https:\/\/www.facebook.com\/Bed-breakfast-Ta-Xelidonakia-157438244331982\" \/>\n<meta property=\"article:modified_time\" content=\"2022-07-10T15:00:44+00:00\" \/>\n<meta name=\"twitter:card\" content=\"summary_large_image\" \/>\n<meta name=\"twitter:label1\" content=\"Gesch\u00e4tzte Lesezeit\" \/>\n\t<meta name=\"twitter:data1\" content=\"2\u00a0Minuten\" \/>\n<script type=\"application\/ld+json\" class=\"yoast-schema-graph\">{\"@context\":\"https:\/\/schema.org\",\"@graph\":[{\"@type\":\"WebPage\",\"@id\":\"https:\/\/pinakates.com\/de\/aktivitaten\/\",\"url\":\"https:\/\/pinakates.com\/de\/aktivitaten\/\",\"name\":\"Aktivit\u00e4ten & Ausfl\u00fcge - B&amp;B Ta Xelidonakia\",\"isPartOf\":{\"@id\":\"https:\/\/pinakates.com\/#website\"},\"datePublished\":\"2020-07-01T09:38:22+00:00\",\"dateModified\":\"2022-07-10T15:00:44+00:00\",\"description\":\"Es gibt vielf\u00e4ltige Freizeitangebote in unserer Region und Orte wie Meteora sind es Wert einen Tagesausflug zu machen.\",\"breadcrumb\":{\"@id\":\"https:\/\/pinakates.com\/de\/aktivitaten\/#breadcrumb\"},\"inLanguage\":\"de\",\"potentialAction\":[{\"@type\":\"ReadAction\",\"target\":[\"https:\/\/pinakates.com\/de\/aktivitaten\/\"]}]},{\"@type\":\"BreadcrumbList\",\"@id\":\"https:\/\/pinakates.com\/de\/aktivitaten\/#breadcrumb\",\"itemListElement\":[{\"@type\":\"ListItem\",\"position\":1,\"name\":\"Home\",\"item\":\"https:\/\/pinakates.com\/de\/\"},{\"@type\":\"ListItem\",\"position\":2,\"name\":\"Aktivit\u00e4ten &#038; Ausfl\u00fcge\"}]},{\"@type\":\"WebSite\",\"@id\":\"https:\/\/pinakates.com\/#website\",\"url\":\"https:\/\/pinakates.com\/\",\"name\":\"B&amp;B Ta Xelidonakia\",\"description\":\"Located in Pinakates (Central Greece)\",\"publisher\":{\"@id\":\"https:\/\/pinakates.com\/#organization\"},\"potentialAction\":[{\"@type\":\"SearchAction\",\"target\":{\"@type\":\"EntryPoint\",\"urlTemplate\":\"https:\/\/pinakates.com\/?s={search_term_string}\"},\"query-input\":{\"@type\":\"PropertyValueSpecification\",\"valueRequired\":true,\"valueName\":\"search_term_string\"}}],\"inLanguage\":\"de\"},{\"@type\":\"Organization\",\"@id\":\"https:\/\/pinakates.com\/#organization\",\"name\":\"B&B Ta Xelidonakia\",\"url\":\"https:\/\/pinakates.com\/\",\"logo\":{\"@type\":\"ImageObject\",\"inLanguage\":\"de\",\"@id\":\"https:\/\/pinakates.com\/#\/schema\/logo\/image\/\",\"url\":\"https:\/\/pinakates.com\/wp-content\/uploads\/2022\/04\/Logo-met-Tekst-Xelidonakia-1.png\",\"contentUrl\":\"https:\/\/pinakates.com\/wp-content\/uploads\/2022\/04\/Logo-met-Tekst-Xelidonakia-1.png\",\"width\":500,\"height\":100,\"caption\":\"B&B Ta Xelidonakia\"},\"image\":{\"@id\":\"https:\/\/pinakates.com\/#\/schema\/logo\/image\/\"},\"sameAs\":[\"https:\/\/www.facebook.com\/Bed-breakfast-Ta-Xelidonakia-157438244331982\"]}]}<\/script>\n<!-- \/ Yoast SEO plugin. -->","yoast_head_json":{"title":"Aktivit\u00e4ten & Ausfl\u00fcge - B&amp;B Ta Xelidonakia","description":"Es gibt vielf\u00e4ltige Freizeitangebote in unserer Region und Orte wie Meteora sind es Wert einen Tagesausflug zu machen.","robots":{"index":"index","follow":"follow","max-snippet":"max-snippet:-1","max-image-preview":"max-image-preview:large","max-video-preview":"max-video-preview:-1"},"canonical":"https:\/\/pinakates.com\/de\/aktivitaten\/","og_locale":"de_DE","og_type":"article","og_title":"Aktivit\u00e4ten & Ausfl\u00fcge - B&amp;B Ta Xelidonakia","og_description":"Es gibt vielf\u00e4ltige Freizeitangebote in unserer Region und Orte wie Meteora sind es Wert einen Tagesausflug zu machen.","og_url":"https:\/\/pinakates.com\/de\/aktivitaten\/","og_site_name":"B&amp;B Ta Xelidonakia","article_publisher":"https:\/\/www.facebook.com\/Bed-breakfast-Ta-Xelidonakia-157438244331982","article_modified_time":"2022-07-10T15:00:44+00:00","twitter_card":"summary_large_image","twitter_misc":{"Gesch\u00e4tzte Lesezeit":"2\u00a0Minuten"},"schema":{"@context":"https:\/\/schema.org","@graph":[{"@type":"WebPage","@id":"https:\/\/pinakates.com\/de\/aktivitaten\/","url":"https:\/\/pinakates.com\/de\/aktivitaten\/","name":"Aktivit\u00e4ten & Ausfl\u00fcge - B&amp;B Ta Xelidonakia","isPartOf":{"@id":"https:\/\/pinakates.com\/#website"},"datePublished":"2020-07-01T09:38:22+00:00","dateModified":"2022-07-10T15:00:44+00:00","description":"Es gibt vielf\u00e4ltige Freizeitangebote in unserer Region und Orte wie Meteora sind es Wert einen Tagesausflug zu machen.","breadcrumb":{"@id":"https:\/\/pinakates.com\/de\/aktivitaten\/#breadcrumb"},"inLanguage":"de","potentialAction":[{"@type":"ReadAction","target":["https:\/\/pinakates.com\/de\/aktivitaten\/"]}]},{"@type":"BreadcrumbList","@id":"https:\/\/pinakates.com\/de\/aktivitaten\/#breadcrumb","itemListElement":[{"@type":"ListItem","position":1,"name":"Home","item":"https:\/\/pinakates.com\/de\/"},{"@type":"ListItem","position":2,"name":"Aktivit\u00e4ten &#038; Ausfl\u00fcge"}]},{"@type":"WebSite","@id":"https:\/\/pinakates.com\/#website","url":"https:\/\/pinakates.com\/","name":"B&amp;B Ta Xelidonakia","description":"Located in Pinakates (Central Greece)","publisher":{"@id":"https:\/\/pinakates.com\/#organization"},"potentialAction":[{"@type":"SearchAction","target":{"@type":"EntryPoint","urlTemplate":"https:\/\/pinakates.com\/?s={search_term_string}"},"query-input":{"@type":"PropertyValueSpecification","valueRequired":true,"valueName":"search_term_string"}}],"inLanguage":"de"},{"@type":"Organization","@id":"https:\/\/pinakates.com\/#organization","name":"B&B Ta Xelidonakia","url":"https:\/\/pinakates.com\/","logo":{"@type":"ImageObject","inLanguage":"de","@id":"https:\/\/pinakates.com\/#\/schema\/logo\/image\/","url":"https:\/\/pinakates.com\/wp-content\/uploads\/2022\/04\/Logo-met-Tekst-Xelidonakia-1.png","contentUrl":"https:\/\/pinakates.com\/wp-content\/uploads\/2022\/04\/Logo-met-Tekst-Xelidonakia-1.png","width":500,"height":100,"caption":"B&B Ta Xelidonakia"},"image":{"@id":"https:\/\/pinakates.com\/#\/schema\/logo\/image\/"},"sameAs":["https:\/\/www.facebook.com\/Bed-breakfast-Ta-Xelidonakia-157438244331982"]}]}},"_links":{"self":[{"href":"https:\/\/pinakates.com\/de\/wp-json\/wp\/v2\/pages\/6894","targetHints":{"allow":["GET"]}}],"collection":[{"href":"https:\/\/pinakates.com\/de\/wp-json\/wp\/v2\/pages"}],"about":[{"href":"https:\/\/pinakates.com\/de\/wp-json\/wp\/v2\/types\/page"}],"author":[{"embeddable":true,"href":"https:\/\/pinakates.com\/de\/wp-json\/wp\/v2\/users\/1"}],"replies":[{"embeddable":true,"href":"https:\/\/pinakates.com\/de\/wp-json\/wp\/v2\/comments?post=6894"}],"version-history":[{"count":9,"href":"https:\/\/pinakates.com\/de\/wp-json\/wp\/v2\/pages\/6894\/revisions"}],"predecessor-version":[{"id":7003,"href":"https:\/\/pinakates.com\/de\/wp-json\/wp\/v2\/pages\/6894\/revisions\/7003"}],"wp:attachment":[{"href":"https:\/\/pinakates.com\/de\/wp-json\/wp\/v2\/media?parent=6894"}],"curies":[{"name":"wp","href":"https:\/\/api.w.org\/{rel}","templated":true}]}}