{"id":6892,"date":"2020-07-01T11:52:38","date_gmt":"2020-07-01T08:52:38","guid":{"rendered":"https:\/\/pinakates.com\/about-us\/"},"modified":"2022-07-10T18:04:57","modified_gmt":"2022-07-10T15:04:57","slug":"uber-uns","status":"publish","type":"page","link":"https:\/\/pinakates.com\/de\/uber-uns\/","title":{"rendered":"\u00dcber Uns"},"content":{"rendered":"<p>[vc_row css=&#8221;{&#8220;mobile_portrait&#8220;: {&#8220;padding-top&#8220;: &#8220;15&#8220;,&#8220;padding-bottom&#8220;: &#8220;15&#8220;}}&#8221; uniqid=&#8221;5efc62787e106&#8243;][vc_column]      <div class=\"heading-block heading-5efc62b0bc070 tal h-h1\">\n                  <h1 class=\"h\">\u00dcber Uns<\/h1>\n              <\/div>\n    [\/vc_column][\/vc_row][vc_row full_width=&#8221;stretch_row&#8221; equal_height=&#8221;yes&#8221; background_offset_bottom=&#8221;90px&#8221; css=&#8221;{&#8220;mobile_portrait&#8220;: {&#8220;padding-top&#8220;: &#8220;5&#8220;,&#8220;padding-bottom&#8220;: &#8220;25&#8220;}}&#8221; uniqid=&#8221;626008a39ce40&#8243;][vc_column][vc_column_text el_class=&#8221;text-t1&#8243; css=&#8221;{}&#8221; uniqid=&#8221;6283c81659257&#8243;]Das Haus wurde 1847 mit den Mitteln eines reichen Griechen namens Philippidis gebaut, der wie viele andere Griechen in \u00c4gypten wohnte. Er kehrte nicht mehr nach Griechenland zur\u00fcck, und sein Bruder erbte sp\u00e4ter das Haus. Dessen Tochter, eine verheiratete Vergou, lebte darin bis in die 80iger Jahre mit ihrer Familie. Nach dem Tode der Anastasia Vergou blieb das Haus unbewohnt.<\/p>\n<p>Im Jahre 2002 kauften wir das Haus mit dem Ziel, es zu renovieren und es wieder in alter Glorie erstrahlen zu lassen. Es sollte als Bed &amp; Breakfast angeboten werden. Der typische Stil eines pilioritischen Herrenhauses w\u00fcrde mit modernem Komfort kombiniert, aber alle \u00c4nderungen w\u00fcrden immer in die Atmosph\u00e4re des alten Hauses integriert werden.<\/p>\n<p>Der Balkon von 1902, das Resultat einer ehemaligen Mode neo-klassische Elemente einzubauen, wurde in ein Nebengeb\u00e4ude gebracht, und die Fassade wurde wieder in den Originalzustand versetzt.<\/p>\n<p>Im ersten Nebengeb\u00e4ude sind zwei Suites untergebracht. Im zweiten Nebengeb\u00e4ude haben wir einen gem\u00fctlichen Fr\u00fchst\u00fccksraum eingerichtet. Im Archontiko selbst befinden sich 7 Zimmer, die Rezeption und ein Salon auf dem zweiten Stock, der auch fr\u00fcher schon das sch\u00f6nste Zimmer war.<\/p>\n<p>Wenn Sie Ihre Ferien in einem traditionellen griechischen Herrenhaus, in einem der malerischsten D\u00f6rfer des Pilion dann sind Sie bei uns an der richtigen Stelle.[\/vc_column_text][\/vc_column][\/vc_row][vc_row full_width=&#8221;stretch_row&#8221; uniqid=&#8221;5eeb60dd228e3&#8243; background_offset_bottom=&#8221;90px&#8221; css=&#8221;{&#8220;mobile_portrait&#8220;: {&#8220;padding-top&#8220;: &#8220;0&#8220;,&#8220;padding-bottom&#8220;: &#8220;0&#8220;}}&#8221;][vc_column css=&#8221;{}&#8221; offset=&#8221;vc_hidden-sm vc_hidden-xs&#8221; uniqid=&#8221;62600b5b6da89&#8243;][vc_carousel_father arrowclr=&#8221;#000000&#8243; dotclr=&#8221;#000000&#8243;][vc_carousel_son titlesize=&#8221;0px&#8221; image_id=&#8221;3771&#8243; img_width=&#8221;60%&#8221;][\/vc_carousel_son][vc_carousel_son titlesize=&#8221;0px&#8221; image_id=&#8221;3768&#8243; img_width=&#8221;60%&#8221;][\/vc_carousel_son][\/vc_carousel_father][\/vc_column][\/vc_row][vc_row full_width=&#8221;stretch_row&#8221; background_offset_bottom=&#8221;90px&#8221; css=&#8221;{&#8220;mobile_portrait&#8220;: {&#8220;padding-top&#8220;: &#8220;0&#8220;,&#8220;padding-bottom&#8220;: &#8220;0&#8220;}}&#8221; uniqid=&#8221;62600bcb2192a&#8221;][vc_column uniqid=&#8221;62600b70c02a9&#8243; css=&#8221;{}&#8221; offset=&#8221;vc_hidden-lg vc_hidden-md&#8221;][vc_carousel_father arrowclr=&#8221;#000000&#8243; dotclr=&#8221;#000000&#8243;][vc_carousel_son titlesize=&#8221;0px&#8221; image_id=&#8221;3771&#8243; img_width=&#8221;90%&#8221;][\/vc_carousel_son][vc_carousel_son titlesize=&#8221;0px&#8221; image_id=&#8221;3768&#8243; img_width=&#8221;90%&#8221;][\/vc_carousel_son][\/vc_carousel_father][\/vc_column][\/vc_row][vc_row full_width=&#8221;stretch_row&#8221; css=&#8221;{}&#8221; uniqid=&#8221;5ef49d25d5dd6&#8243; background_color=&#8221;#ffffff&#8221; background_offset_bottom=&#8221;215px&#8221;][vc_column width=&#8221;5\/6&#8243;]    <div class=\"side-image-with-content side-image-with-content-5ef0ae42f7cfa right style1\">\n            <div class=\"content\">      <div class=\"heading-block heading-5ef0add6f3a48 tal h-h4\">\n                  <h4 class=\"h\">Restaurierung<\/h4>\n              <\/div>\n    [vc_column_text el_class=&#8221;text-t1&#8243; uniqid=&#8221;5ef0adede408e&#8221; css=&#8221;{}&#8221;]Hier finden Sie einige Fotos.[\/vc_column_text]<\/div>\n          <\/div>\n    [\/vc_column][vc_column width=&#8221;1\/6&#8243;][\/vc_column][\/vc_row][vc_row full_width=&#8221;stretch_row&#8221; uniqid=&#8221;5efc80c03e1bf&#8221; background_color=&#8221;#ffffff&#8221; background_offset_top=&#8221;373px&#8221; css=&#8221;{&#8220;mobile_portrait&#8220;: {&#8220;padding-top&#8220;: &#8220;45&#8220;,&#8220;padding-bottom&#8220;: &#8220;30&#8220;}}&#8221;][vc_column][vc_masonry_media_grid grid_id=&#8221;vc_gid:1656831104489-88065619-0d87-3&#8243; include=&#8221;6500,6501,6502,6503,6504,6505,6506,6507,6508,6509,6510,6511&#8243;][\/vc_column][\/vc_row]<\/p>\n","protected":false},"excerpt":{"rendered":"<p>[vc_row css=&#8221;{&#8220;mobile_portrait&#8220;: {&#8220;padding-top&#8220;: &#8220;15&#8220;,&#8220;padding-bottom&#8220;: &#8220;15&#8220;}}&#8221; uniqid=&#8221;5efc62787e106&#8243;][vc_column][\/vc_column][\/vc_row][vc_row full_width=&#8221;stretch_row&#8221; equal_height=&#8221;yes&#8221; background_offset_bottom=&#8221;90px&#8221; css=&#8221;{&#8220;mobile_portrait&#8220;: {&#8220;padding-top&#8220;: &#8220;5&#8220;,&#8220;padding-bottom&#8220;: &#8220;25&#8220;}}&#8221; uniqid=&#8221;626008a39ce40&#8243;][vc_column][vc_column_text el_class=&#8221;text-t1&#8243; css=&#8221;{}&#8221; uniqid=&#8221;6283c81659257&#8243;]Das Haus wurde 1847 mit den Mitteln eines reichen Griechen namens Philippidis gebaut, der wie viele andere Griechen in \u00c4gypten wohnte. Er kehrte nicht mehr nach Griechenland zur\u00fcck, und sein Bruder erbte sp\u00e4ter das Haus. Dessen Tochter, eine verheiratete [&hellip;]<\/p>\n","protected":false},"author":1,"featured_media":0,"parent":0,"menu_order":0,"comment_status":"closed","ping_status":"closed","template":"template-landing.php","meta":{"_acf_changed":false,"_monsterinsights_skip_tracking":false,"_monsterinsights_sitenote_active":false,"_monsterinsights_sitenote_note":"","_monsterinsights_sitenote_category":0,"footnotes":""},"class_list":["post-6892","page","type-page","status-publish","hentry"],"acf":[],"yoast_head":"<!-- This site is optimized with the Yoast SEO plugin v27.3 - https:\/\/yoast.com\/product\/yoast-seo-wordpress\/ -->\n<title>\u00dcber Uns - B&amp;B Ta Xelidonakia<\/title>\n<meta name=\"description\" content=\"Im Jahre 2002 kauften die Besitzer das Haus mit dem Ziel, es zu renovieren und es wieder in alter Glorie erstrahlen zu lassen.\" \/>\n<meta name=\"robots\" content=\"index, follow, max-snippet:-1, max-image-preview:large, max-video-preview:-1\" \/>\n<link rel=\"canonical\" href=\"https:\/\/pinakates.com\/de\/uber-uns\/\" \/>\n<meta property=\"og:locale\" content=\"de_DE\" \/>\n<meta property=\"og:type\" content=\"article\" \/>\n<meta property=\"og:title\" content=\"\u00dcber Uns - B&amp;B Ta Xelidonakia\" \/>\n<meta property=\"og:description\" content=\"Im Jahre 2002 kauften die Besitzer das Haus mit dem Ziel, es zu renovieren und es wieder in alter Glorie erstrahlen zu lassen.\" \/>\n<meta property=\"og:url\" content=\"https:\/\/pinakates.com\/de\/uber-uns\/\" \/>\n<meta property=\"og:site_name\" content=\"B&amp;B Ta Xelidonakia\" \/>\n<meta property=\"article:publisher\" content=\"https:\/\/www.facebook.com\/Bed-breakfast-Ta-Xelidonakia-157438244331982\" \/>\n<meta property=\"article:modified_time\" content=\"2022-07-10T15:04:57+00:00\" \/>\n<meta name=\"twitter:card\" content=\"summary_large_image\" \/>\n<meta name=\"twitter:label1\" content=\"Gesch\u00e4tzte Lesezeit\" \/>\n\t<meta name=\"twitter:data1\" content=\"3\u00a0Minuten\" \/>\n<script type=\"application\/ld+json\" class=\"yoast-schema-graph\">{\"@context\":\"https:\\\/\\\/schema.org\",\"@graph\":[{\"@type\":\"WebPage\",\"@id\":\"https:\\\/\\\/pinakates.com\\\/de\\\/uber-uns\\\/\",\"url\":\"https:\\\/\\\/pinakates.com\\\/de\\\/uber-uns\\\/\",\"name\":\"\u00dcber Uns - B&amp;B Ta Xelidonakia\",\"isPartOf\":{\"@id\":\"https:\\\/\\\/pinakates.com\\\/#website\"},\"datePublished\":\"2020-07-01T08:52:38+00:00\",\"dateModified\":\"2022-07-10T15:04:57+00:00\",\"description\":\"Im Jahre 2002 kauften die Besitzer das Haus mit dem Ziel, es zu renovieren und es wieder in alter Glorie erstrahlen zu lassen.\",\"breadcrumb\":{\"@id\":\"https:\\\/\\\/pinakates.com\\\/de\\\/uber-uns\\\/#breadcrumb\"},\"inLanguage\":\"de\",\"potentialAction\":[{\"@type\":\"ReadAction\",\"target\":[\"https:\\\/\\\/pinakates.com\\\/de\\\/uber-uns\\\/\"]}]},{\"@type\":\"BreadcrumbList\",\"@id\":\"https:\\\/\\\/pinakates.com\\\/de\\\/uber-uns\\\/#breadcrumb\",\"itemListElement\":[{\"@type\":\"ListItem\",\"position\":1,\"name\":\"Home\",\"item\":\"https:\\\/\\\/pinakates.com\\\/de\\\/\"},{\"@type\":\"ListItem\",\"position\":2,\"name\":\"\u00dcber Uns\"}]},{\"@type\":\"WebSite\",\"@id\":\"https:\\\/\\\/pinakates.com\\\/#website\",\"url\":\"https:\\\/\\\/pinakates.com\\\/\",\"name\":\"B&amp;B Ta Xelidonakia\",\"description\":\"Located in Pinakates (Central Greece)\",\"publisher\":{\"@id\":\"https:\\\/\\\/pinakates.com\\\/#organization\"},\"potentialAction\":[{\"@type\":\"SearchAction\",\"target\":{\"@type\":\"EntryPoint\",\"urlTemplate\":\"https:\\\/\\\/pinakates.com\\\/?s={search_term_string}\"},\"query-input\":{\"@type\":\"PropertyValueSpecification\",\"valueRequired\":true,\"valueName\":\"search_term_string\"}}],\"inLanguage\":\"de\"},{\"@type\":\"Organization\",\"@id\":\"https:\\\/\\\/pinakates.com\\\/#organization\",\"name\":\"B&B Ta Xelidonakia\",\"url\":\"https:\\\/\\\/pinakates.com\\\/\",\"logo\":{\"@type\":\"ImageObject\",\"inLanguage\":\"de\",\"@id\":\"https:\\\/\\\/pinakates.com\\\/#\\\/schema\\\/logo\\\/image\\\/\",\"url\":\"https:\\\/\\\/pinakates.com\\\/wp-content\\\/uploads\\\/2022\\\/04\\\/Logo-met-Tekst-Xelidonakia-1.png\",\"contentUrl\":\"https:\\\/\\\/pinakates.com\\\/wp-content\\\/uploads\\\/2022\\\/04\\\/Logo-met-Tekst-Xelidonakia-1.png\",\"width\":500,\"height\":100,\"caption\":\"B&B Ta Xelidonakia\"},\"image\":{\"@id\":\"https:\\\/\\\/pinakates.com\\\/#\\\/schema\\\/logo\\\/image\\\/\"},\"sameAs\":[\"https:\\\/\\\/www.facebook.com\\\/Bed-breakfast-Ta-Xelidonakia-157438244331982\"]}]}<\/script>\n<!-- \/ Yoast SEO plugin. -->","yoast_head_json":{"title":"\u00dcber Uns - B&amp;B Ta Xelidonakia","description":"Im Jahre 2002 kauften die Besitzer das Haus mit dem Ziel, es zu renovieren und es wieder in alter Glorie erstrahlen zu lassen.","robots":{"index":"index","follow":"follow","max-snippet":"max-snippet:-1","max-image-preview":"max-image-preview:large","max-video-preview":"max-video-preview:-1"},"canonical":"https:\/\/pinakates.com\/de\/uber-uns\/","og_locale":"de_DE","og_type":"article","og_title":"\u00dcber Uns - B&amp;B Ta Xelidonakia","og_description":"Im Jahre 2002 kauften die Besitzer das Haus mit dem Ziel, es zu renovieren und es wieder in alter Glorie erstrahlen zu lassen.","og_url":"https:\/\/pinakates.com\/de\/uber-uns\/","og_site_name":"B&amp;B Ta Xelidonakia","article_publisher":"https:\/\/www.facebook.com\/Bed-breakfast-Ta-Xelidonakia-157438244331982","article_modified_time":"2022-07-10T15:04:57+00:00","twitter_card":"summary_large_image","twitter_misc":{"Gesch\u00e4tzte Lesezeit":"3\u00a0Minuten"},"schema":{"@context":"https:\/\/schema.org","@graph":[{"@type":"WebPage","@id":"https:\/\/pinakates.com\/de\/uber-uns\/","url":"https:\/\/pinakates.com\/de\/uber-uns\/","name":"\u00dcber Uns - B&amp;B Ta Xelidonakia","isPartOf":{"@id":"https:\/\/pinakates.com\/#website"},"datePublished":"2020-07-01T08:52:38+00:00","dateModified":"2022-07-10T15:04:57+00:00","description":"Im Jahre 2002 kauften die Besitzer das Haus mit dem Ziel, es zu renovieren und es wieder in alter Glorie erstrahlen zu lassen.","breadcrumb":{"@id":"https:\/\/pinakates.com\/de\/uber-uns\/#breadcrumb"},"inLanguage":"de","potentialAction":[{"@type":"ReadAction","target":["https:\/\/pinakates.com\/de\/uber-uns\/"]}]},{"@type":"BreadcrumbList","@id":"https:\/\/pinakates.com\/de\/uber-uns\/#breadcrumb","itemListElement":[{"@type":"ListItem","position":1,"name":"Home","item":"https:\/\/pinakates.com\/de\/"},{"@type":"ListItem","position":2,"name":"\u00dcber Uns"}]},{"@type":"WebSite","@id":"https:\/\/pinakates.com\/#website","url":"https:\/\/pinakates.com\/","name":"B&amp;B Ta Xelidonakia","description":"Located in Pinakates (Central Greece)","publisher":{"@id":"https:\/\/pinakates.com\/#organization"},"potentialAction":[{"@type":"SearchAction","target":{"@type":"EntryPoint","urlTemplate":"https:\/\/pinakates.com\/?s={search_term_string}"},"query-input":{"@type":"PropertyValueSpecification","valueRequired":true,"valueName":"search_term_string"}}],"inLanguage":"de"},{"@type":"Organization","@id":"https:\/\/pinakates.com\/#organization","name":"B&B Ta Xelidonakia","url":"https:\/\/pinakates.com\/","logo":{"@type":"ImageObject","inLanguage":"de","@id":"https:\/\/pinakates.com\/#\/schema\/logo\/image\/","url":"https:\/\/pinakates.com\/wp-content\/uploads\/2022\/04\/Logo-met-Tekst-Xelidonakia-1.png","contentUrl":"https:\/\/pinakates.com\/wp-content\/uploads\/2022\/04\/Logo-met-Tekst-Xelidonakia-1.png","width":500,"height":100,"caption":"B&B Ta Xelidonakia"},"image":{"@id":"https:\/\/pinakates.com\/#\/schema\/logo\/image\/"},"sameAs":["https:\/\/www.facebook.com\/Bed-breakfast-Ta-Xelidonakia-157438244331982"]}]}},"_links":{"self":[{"href":"https:\/\/pinakates.com\/de\/wp-json\/wp\/v2\/pages\/6892","targetHints":{"allow":["GET"]}}],"collection":[{"href":"https:\/\/pinakates.com\/de\/wp-json\/wp\/v2\/pages"}],"about":[{"href":"https:\/\/pinakates.com\/de\/wp-json\/wp\/v2\/types\/page"}],"author":[{"embeddable":true,"href":"https:\/\/pinakates.com\/de\/wp-json\/wp\/v2\/users\/1"}],"replies":[{"embeddable":true,"href":"https:\/\/pinakates.com\/de\/wp-json\/wp\/v2\/comments?post=6892"}],"version-history":[{"count":3,"href":"https:\/\/pinakates.com\/de\/wp-json\/wp\/v2\/pages\/6892\/revisions"}],"predecessor-version":[{"id":6925,"href":"https:\/\/pinakates.com\/de\/wp-json\/wp\/v2\/pages\/6892\/revisions\/6925"}],"wp:attachment":[{"href":"https:\/\/pinakates.com\/de\/wp-json\/wp\/v2\/media?parent=6892"}],"curies":[{"name":"wp","href":"https:\/\/api.w.org\/{rel}","templated":true}]}}