{"id":6548,"date":"2020-06-16T07:48:41","date_gmt":"2020-06-16T04:48:41","guid":{"rendered":"https:\/\/pinakates.com\/privacy\/"},"modified":"2022-07-08T13:08:43","modified_gmt":"2022-07-08T10:08:43","slug":"datenschutz","status":"publish","type":"page","link":"https:\/\/pinakates.com\/de\/datenschutz\/","title":{"rendered":"Datenschutz Bestimmungen"},"content":{"rendered":"\r\n<p>In \u00dcbereinstimmung mit den DSGVO-Anforderungen vom 25. Mai 2018 sollen hiermit alle G\u00e4ste, die eine Unterkunft im Ta Xelidonakia buchen m\u00f6chten, dar\u00fcber informiert werden, welche Daten wir ben\u00f6tigen, speichern und wie wir sie verwenden.<\/p>\r\n<p>Indem Sie mit Ihrer Reservierung fortfahren, erkl\u00e4ren Sie sich damit einverstanden, diese Daten zu verwenden, um Ihre Reservierung abzuschlie\u00dfen und alle Dienstleistungen gem\u00e4\u00df unseren Richtlinien bereitzustellen.<\/p>\r\n<p>M\u00f6glicherweise m\u00fcssen wir die folgenden Details zu Ihrem Konto speichern:<br \/>Name Adresse<br \/>E-Mail-Addresse<br \/>Telefonnummern (Mobil &amp; Festnetz)<br \/>Kredit-\/Debitkartendetails<br \/>Kfz-Kennzeichen<\/p>\r\n<p>Diese Daten werden sicher aufbewahrt und so lange aufbewahrt, wie es f\u00fcr die Erbringung unserer Dienstleistungen erforderlich ist. Sobald sie f\u00fcr die Erbringung unserer Dienstleistungen nicht mehr erforderlich sind, werden die Kredit-\/Debitkartendaten innerhalb von 24 Stunden nach dem Check-out oder fr\u00fcher auf Wunsch des Gastes gel\u00f6scht, sofern keine ausstehenden Geb\u00fchren vorliegen. Name, Kontaktdaten und Autokennzeichen des Gastes\/der G\u00e4ste bleiben im Reservierungssystem gespeichert, werden jedoch ohne Zustimmung des Gastes nicht f\u00fcr Marketingzwecke verwendet.<\/p>\r\n<p>Gedruckte Kopien von Check-in-Formularen und anderen Dokumenten, die personenbezogene Daten enthalten, werden f\u00fcr den Zeitraum, der zur Einhaltung der \u00f6rtlichen Gesetze erforderlich ist, an einem sicheren Ort aufbewahrt und dann geschreddert. Alle Daten, die wir besitzen, sind nur von der Person, auf die sie sich beziehen, abrufbar und werden nur auf sekund\u00e4rem Wege oder pers\u00f6nlich mitgeteilt, sofern diese Person uns bekannt ist.<\/p>\r\n<p>Online-Reiseb\u00fcros, die uns online vorgenommene Buchungsdaten zur Verf\u00fcgung stellen, halten sich an die neuen DSGVO-Bestimmungen. Und alle unsere anderen Anbieter (z. B. Google Analytics) auch.<\/p>\r\n<p>Terminals, die zur Verarbeitung von Kartenzahlungen verwendet werden, werden von der Alfa Credit Bank bereitgestellt und sind sowohl mit der DSGVO als auch mit PCI DSS (Payment Card Industry Data Security Standard) konform.<\/p>\r\n<p>Der Eigent\u00fcmer ist als benannter Datenschutzbeauftragter f\u00fcr die Erfassung, Pflege, Speicherung und sichere Entsorgung der erfassten Daten verantwortlich.<\/p>\r\n<p>Ausdrucke mit personenbezogenen Daten werden an einem sicheren Ort aufbewahrt und dann geschreddert.<\/p>\r\n<p>Sie k\u00f6nnen sich jederzeit mit allen Fragen zum Datenschutz an unseren Datenschutzbeauftragten wenden unter renders@otenet.gr zu H\u00e4nden des Datenschutzbeauftragten oder schriftlich an: Datenschutzbeauftragter, Ta Xelidonakia, Plateia, 37010 Pinakates (Notiou Piliou), Griechenland.<\/p>\r\n<p>Sie haben das Recht, der Verarbeitung Ihrer personenbezogenen Daten jederzeit zu widersprechen. Dies kann zur Stornierung Ihrer Reservierung f\u00fchren, da wir Ihnen unsere Dienstleistungen ohne Zugriff auf diese Daten nicht zur Verf\u00fcgung stellen k\u00f6nnen. Alle vertraglich vereinbarten Service- oder Stornierungsgeb\u00fchren fallen weiterhin an.<\/p>\r\n<p>Sie haben auch jederzeit das Recht, Ihre personenbezogenen Daten zu korrigieren oder zu l\u00f6schen. Bitte kontaktieren Sie uns mit Ihrer Anfrage und wir werden entsprechend handeln. Daten, die wir gesetzlich aufbewahren m\u00fcssen, k\u00f6nnen nicht gel\u00f6scht werden.<\/p>\r\n<p>Sie haben jederzeit das Recht, Ihre personenbezogenen Daten einzusehen.<\/p>\r\n<p>Es ist m\u00f6glich, dass Sie auf unserer Seite \u00fcber Links zu Dritten weitergeleitet werden. Wir haben keine M\u00f6glichkeit, diese Dritten zu \u00fcberpr\u00fcfen oder zu kontrollieren, und k\u00f6nnen daher den Inhalt oder die Richtigkeit dieser Dritten nicht garantieren. Wir stellen diese Links nur zu Ihrer Information zur Verf\u00fcgung.<\/p>\r\n<p>Wenn Sie Elemente unserer Website verwenden oder \u00fcber Links auf unsere Website verweisen m\u00f6chten, m\u00fcssen Sie uns zuerst um Erlaubnis fragen.<\/p>\r\n<p>Im Streitfall wird dies von den griechischen Gerichten entschieden.<\/p>\r\n<p>Firmen Daten.<br \/>Name: Ta Xelidonakia<br \/>EOT: MHTE 0726K05AA000530<br \/>Adresse : Plateia, 37010 Pinakates (Notiou Piliou), Griechenland<br \/>Tel. : 00302423086920<br \/>Mob. : 00306976215187<br \/>Website: www.pinakates.com<br \/>Mail: renders@otenet.gr<\/p>\r\n","protected":false},"excerpt":{"rendered":"<p>In \u00dcbereinstimmung mit den DSGVO-Anforderungen vom 25. Mai 2018 sollen hiermit alle G\u00e4ste, die eine Unterkunft im Ta Xelidonakia buchen m\u00f6chten, dar\u00fcber informiert werden, welche Daten wir ben\u00f6tigen, speichern und wie wir sie verwenden. Indem Sie mit Ihrer Reservierung fortfahren, erkl\u00e4ren Sie sich damit einverstanden, diese Daten zu verwenden, um Ihre Reservierung abzuschlie\u00dfen und alle [&hellip;]<\/p>\n","protected":false},"author":1,"featured_media":0,"parent":0,"menu_order":0,"comment_status":"closed","ping_status":"open","template":"","meta":{"_acf_changed":false,"_monsterinsights_skip_tracking":false,"_monsterinsights_sitenote_active":false,"_monsterinsights_sitenote_note":"","_monsterinsights_sitenote_category":0,"footnotes":""},"class_list":["post-6548","page","type-page","status-publish","hentry"],"acf":[],"yoast_head":"<!-- This site is optimized with the Yoast SEO plugin v27.3 - https:\/\/yoast.com\/product\/yoast-seo-wordpress\/ -->\n<title>Datenschutz Bestimmungen - B&amp;B Ta Xelidonakia<\/title>\n<meta name=\"robots\" content=\"noindex, follow\" \/>\n<meta property=\"og:locale\" content=\"de_DE\" \/>\n<meta property=\"og:type\" content=\"article\" \/>\n<meta property=\"og:title\" content=\"Datenschutz Bestimmungen - B&amp;B Ta Xelidonakia\" \/>\n<meta property=\"og:description\" content=\"In \u00dcbereinstimmung mit den DSGVO-Anforderungen vom 25. Mai 2018 sollen hiermit alle G\u00e4ste, die eine Unterkunft im Ta Xelidonakia buchen m\u00f6chten, dar\u00fcber informiert werden, welche Daten wir ben\u00f6tigen, speichern und wie wir sie verwenden. Indem Sie mit Ihrer Reservierung fortfahren, erkl\u00e4ren Sie sich damit einverstanden, diese Daten zu verwenden, um Ihre Reservierung abzuschlie\u00dfen und alle [&hellip;]\" \/>\n<meta property=\"og:url\" content=\"https:\/\/pinakates.com\/de\/datenschutz\/\" \/>\n<meta property=\"og:site_name\" content=\"B&amp;B Ta Xelidonakia\" \/>\n<meta property=\"article:publisher\" content=\"https:\/\/www.facebook.com\/Bed-breakfast-Ta-Xelidonakia-157438244331982\" \/>\n<meta property=\"article:modified_time\" content=\"2022-07-08T10:08:43+00:00\" \/>\n<meta name=\"twitter:card\" content=\"summary_large_image\" \/>\n<meta name=\"twitter:label1\" content=\"Gesch\u00e4tzte Lesezeit\" \/>\n\t<meta name=\"twitter:data1\" content=\"3\u00a0Minuten\" \/>\n<script type=\"application\/ld+json\" class=\"yoast-schema-graph\">{\"@context\":\"https:\\\/\\\/schema.org\",\"@graph\":[{\"@type\":\"WebPage\",\"@id\":\"https:\\\/\\\/pinakates.com\\\/de\\\/datenschutz\\\/\",\"url\":\"https:\\\/\\\/pinakates.com\\\/de\\\/datenschutz\\\/\",\"name\":\"Datenschutz Bestimmungen - B&amp;B Ta Xelidonakia\",\"isPartOf\":{\"@id\":\"https:\\\/\\\/pinakates.com\\\/#website\"},\"datePublished\":\"2020-06-16T04:48:41+00:00\",\"dateModified\":\"2022-07-08T10:08:43+00:00\",\"breadcrumb\":{\"@id\":\"https:\\\/\\\/pinakates.com\\\/de\\\/datenschutz\\\/#breadcrumb\"},\"inLanguage\":\"de\",\"potentialAction\":[{\"@type\":\"ReadAction\",\"target\":[\"https:\\\/\\\/pinakates.com\\\/de\\\/datenschutz\\\/\"]}]},{\"@type\":\"BreadcrumbList\",\"@id\":\"https:\\\/\\\/pinakates.com\\\/de\\\/datenschutz\\\/#breadcrumb\",\"itemListElement\":[{\"@type\":\"ListItem\",\"position\":1,\"name\":\"Home\",\"item\":\"https:\\\/\\\/pinakates.com\\\/de\\\/\"},{\"@type\":\"ListItem\",\"position\":2,\"name\":\"Datenschutz Bestimmungen\"}]},{\"@type\":\"WebSite\",\"@id\":\"https:\\\/\\\/pinakates.com\\\/#website\",\"url\":\"https:\\\/\\\/pinakates.com\\\/\",\"name\":\"B&amp;B Ta Xelidonakia\",\"description\":\"Located in Pinakates (Central Greece)\",\"publisher\":{\"@id\":\"https:\\\/\\\/pinakates.com\\\/#organization\"},\"potentialAction\":[{\"@type\":\"SearchAction\",\"target\":{\"@type\":\"EntryPoint\",\"urlTemplate\":\"https:\\\/\\\/pinakates.com\\\/?s={search_term_string}\"},\"query-input\":{\"@type\":\"PropertyValueSpecification\",\"valueRequired\":true,\"valueName\":\"search_term_string\"}}],\"inLanguage\":\"de\"},{\"@type\":\"Organization\",\"@id\":\"https:\\\/\\\/pinakates.com\\\/#organization\",\"name\":\"B&B Ta Xelidonakia\",\"url\":\"https:\\\/\\\/pinakates.com\\\/\",\"logo\":{\"@type\":\"ImageObject\",\"inLanguage\":\"de\",\"@id\":\"https:\\\/\\\/pinakates.com\\\/#\\\/schema\\\/logo\\\/image\\\/\",\"url\":\"https:\\\/\\\/pinakates.com\\\/wp-content\\\/uploads\\\/2022\\\/04\\\/Logo-met-Tekst-Xelidonakia-1.png\",\"contentUrl\":\"https:\\\/\\\/pinakates.com\\\/wp-content\\\/uploads\\\/2022\\\/04\\\/Logo-met-Tekst-Xelidonakia-1.png\",\"width\":500,\"height\":100,\"caption\":\"B&B Ta Xelidonakia\"},\"image\":{\"@id\":\"https:\\\/\\\/pinakates.com\\\/#\\\/schema\\\/logo\\\/image\\\/\"},\"sameAs\":[\"https:\\\/\\\/www.facebook.com\\\/Bed-breakfast-Ta-Xelidonakia-157438244331982\"]}]}<\/script>\n<!-- \/ Yoast SEO plugin. -->","yoast_head_json":{"title":"Datenschutz Bestimmungen - B&amp;B Ta Xelidonakia","robots":{"index":"noindex","follow":"follow"},"og_locale":"de_DE","og_type":"article","og_title":"Datenschutz Bestimmungen - B&amp;B Ta Xelidonakia","og_description":"In \u00dcbereinstimmung mit den DSGVO-Anforderungen vom 25. Mai 2018 sollen hiermit alle G\u00e4ste, die eine Unterkunft im Ta Xelidonakia buchen m\u00f6chten, dar\u00fcber informiert werden, welche Daten wir ben\u00f6tigen, speichern und wie wir sie verwenden. Indem Sie mit Ihrer Reservierung fortfahren, erkl\u00e4ren Sie sich damit einverstanden, diese Daten zu verwenden, um Ihre Reservierung abzuschlie\u00dfen und alle [&hellip;]","og_url":"https:\/\/pinakates.com\/de\/datenschutz\/","og_site_name":"B&amp;B Ta Xelidonakia","article_publisher":"https:\/\/www.facebook.com\/Bed-breakfast-Ta-Xelidonakia-157438244331982","article_modified_time":"2022-07-08T10:08:43+00:00","twitter_card":"summary_large_image","twitter_misc":{"Gesch\u00e4tzte Lesezeit":"3\u00a0Minuten"},"schema":{"@context":"https:\/\/schema.org","@graph":[{"@type":"WebPage","@id":"https:\/\/pinakates.com\/de\/datenschutz\/","url":"https:\/\/pinakates.com\/de\/datenschutz\/","name":"Datenschutz Bestimmungen - B&amp;B Ta Xelidonakia","isPartOf":{"@id":"https:\/\/pinakates.com\/#website"},"datePublished":"2020-06-16T04:48:41+00:00","dateModified":"2022-07-08T10:08:43+00:00","breadcrumb":{"@id":"https:\/\/pinakates.com\/de\/datenschutz\/#breadcrumb"},"inLanguage":"de","potentialAction":[{"@type":"ReadAction","target":["https:\/\/pinakates.com\/de\/datenschutz\/"]}]},{"@type":"BreadcrumbList","@id":"https:\/\/pinakates.com\/de\/datenschutz\/#breadcrumb","itemListElement":[{"@type":"ListItem","position":1,"name":"Home","item":"https:\/\/pinakates.com\/de\/"},{"@type":"ListItem","position":2,"name":"Datenschutz Bestimmungen"}]},{"@type":"WebSite","@id":"https:\/\/pinakates.com\/#website","url":"https:\/\/pinakates.com\/","name":"B&amp;B Ta Xelidonakia","description":"Located in Pinakates (Central Greece)","publisher":{"@id":"https:\/\/pinakates.com\/#organization"},"potentialAction":[{"@type":"SearchAction","target":{"@type":"EntryPoint","urlTemplate":"https:\/\/pinakates.com\/?s={search_term_string}"},"query-input":{"@type":"PropertyValueSpecification","valueRequired":true,"valueName":"search_term_string"}}],"inLanguage":"de"},{"@type":"Organization","@id":"https:\/\/pinakates.com\/#organization","name":"B&B Ta Xelidonakia","url":"https:\/\/pinakates.com\/","logo":{"@type":"ImageObject","inLanguage":"de","@id":"https:\/\/pinakates.com\/#\/schema\/logo\/image\/","url":"https:\/\/pinakates.com\/wp-content\/uploads\/2022\/04\/Logo-met-Tekst-Xelidonakia-1.png","contentUrl":"https:\/\/pinakates.com\/wp-content\/uploads\/2022\/04\/Logo-met-Tekst-Xelidonakia-1.png","width":500,"height":100,"caption":"B&B Ta Xelidonakia"},"image":{"@id":"https:\/\/pinakates.com\/#\/schema\/logo\/image\/"},"sameAs":["https:\/\/www.facebook.com\/Bed-breakfast-Ta-Xelidonakia-157438244331982"]}]}},"_links":{"self":[{"href":"https:\/\/pinakates.com\/de\/wp-json\/wp\/v2\/pages\/6548","targetHints":{"allow":["GET"]}}],"collection":[{"href":"https:\/\/pinakates.com\/de\/wp-json\/wp\/v2\/pages"}],"about":[{"href":"https:\/\/pinakates.com\/de\/wp-json\/wp\/v2\/types\/page"}],"author":[{"embeddable":true,"href":"https:\/\/pinakates.com\/de\/wp-json\/wp\/v2\/users\/1"}],"replies":[{"embeddable":true,"href":"https:\/\/pinakates.com\/de\/wp-json\/wp\/v2\/comments?post=6548"}],"version-history":[{"count":1,"href":"https:\/\/pinakates.com\/de\/wp-json\/wp\/v2\/pages\/6548\/revisions"}],"predecessor-version":[{"id":6549,"href":"https:\/\/pinakates.com\/de\/wp-json\/wp\/v2\/pages\/6548\/revisions\/6549"}],"wp:attachment":[{"href":"https:\/\/pinakates.com\/de\/wp-json\/wp\/v2\/media?parent=6548"}],"curies":[{"name":"wp","href":"https:\/\/api.w.org\/{rel}","templated":true}]}}